{"id":1590,"date":"2014-11-23T18:57:23","date_gmt":"2014-11-23T16:57:23","guid":{"rendered":"http:\/\/80.69.171.23\/py\/?page_id=1590"},"modified":"2023-06-06T15:07:17","modified_gmt":"2023-06-06T12:07:17","slug":"naljanka","status":"publish","type":"page","link":"https:\/\/paliskunnat.fi\/reindeer-herders-association\/cooperatives\/cooperatives-info\/naljanka\/","title":{"rendered":"56 N\u00e4lj\u00e4nk\u00e4"},"content":{"rendered":"<h2>N\u00e4lj\u00e4nk\u00e4<\/h2>\n<p>Chief of District: Heikkinen Jari<br \/>\nMobile:\u00a0 +358 40 020 2003<br \/>\nEmail: &#x6a;&#x61;&#x72;&#105;&#104;&#50;00&#x40;&#x67;&#x6d;&#x61;&#105;&#108;&#46;c&#x6f;&#x6d;<\/p>\n<p><a href=\"https:\/\/paliskunnat.fi\/reindeer-herders-association\/wp-content\/uploads\/2014\/11\/56_naljanka.png\" rel=\"lightbox[1590]\"><img loading=\"lazy\" decoding=\"async\" class=\"alignnone wp-image-1592\" src=\"https:\/\/paliskunnat.fi\/reindeer-herders-association\/wp-content\/uploads\/2014\/11\/56_naljanka.png\" alt=\"56 N\u00e4lj\u00e4nk\u00e4\" width=\"300\" height=\"387\" srcset=\"https:\/\/paliskunnat.fi\/reindeer-herders-association\/wp-content\/uploads\/2014\/11\/56_naljanka.png 775w, https:\/\/paliskunnat.fi\/reindeer-herders-association\/wp-content\/uploads\/2014\/11\/56_naljanka-233x300.png 233w\" sizes=\"auto, (max-width: 300px) 100vw, 300px\" \/><\/a><\/p>\n<table width=\"450\">\n<tbody>\n<tr>\n<td>Hometown:<\/td>\n<td>Suomussalmi<\/td>\n<\/tr>\n<tr>\n<td>Total area:<\/td>\n<td>2 880.8 km<sup>2<\/sup><\/td>\n<\/tr>\n<tr>\n<td>Maximum number of reindeer:<\/td>\n<td>2 000<\/td>\n<\/tr>\n<tr>\n<td>Reindeer herders:<\/td>\n<td>53<\/td>\n<\/tr>\n<\/tbody>\n<\/table>\n<p>N\u00e4lj\u00e4nk\u00e4 reindeer herding cooperative is part of the Kainuu reindeer marking district. The cooperative is located to the Suomussalmi and Puolanka municipalities. In east it borders with Russia, in south with Halla, in west with Pintamo and in north with Taivalkoski and Hossa-Irni cooperatives.<\/p>\n<p>54.1 % of the cooperative\u2019s total area is state land and 45.9 % is owned by other landowners. There are Natura protection areas in the cooperative area. These are not very big in terms of their total area, but they are an important part of the winter pasture areas.<\/p>\n<p>The cooperative has no pasture area fences or similar. They have three round up fences. Also, the cooperative has Kotvala field slaughter house and there is a feeding fence next to a round up fence.<\/p>\n<p>Puolanka town center is the very south of the cooperative area. In the north part, there are habitants in N\u00e4lj\u00e4nk\u00e4 village in Suomussalmi municipality. Most of the herders of the cooperative live in the Puolanka town center and Joukokyl\u00e4, Suolij\u00e4rvi and N\u00e4lj\u00e4nk\u00e4 villages.<\/p>\n<p>&nbsp;<\/p>\n<p>&nbsp;<\/p>\n","protected":false},"excerpt":{"rendered":"<p>N\u00e4lj\u00e4nk\u00e4 Chief of District: Heikkinen Jari Mobile:\u00a0 +358 40 020 2003 Email: &#x6a;&#97;r&#x69;&#x68;&#50;0&#x30;&#64;g&#x6d;&#x61;&#105;l&#x2e;&#99;o&#x6d; Hometown: Suomussalmi Total area: 2 880.8 km2 Maximum number of reindeer: 2 000 Reindeer herders: 53 N\u00e4lj\u00e4nk\u00e4 reindeer herding cooperative is part of the Kainuu reindeer marking district. The cooperative is located to the Suomussalmi and Puolanka municipalities. In east it borders [&hellip;]<\/p>\n","protected":false},"author":1,"featured_media":0,"parent":420,"menu_order":56,"comment_status":"open","ping_status":"closed","template":"paliskuntasivut.php","meta":{"footnotes":""},"class_list":["post-1590","page","type-page","status-publish","hentry"],"yoast_head":"<!-- This site is optimized with the Yoast SEO plugin v27.1.1 - https:\/\/yoast.com\/product\/yoast-seo-wordpress\/ -->\n<title>56 N\u00e4lj\u00e4nk\u00e4 - Reindeer Herders&#039; Association<\/title>\n<meta name=\"robots\" content=\"index, follow, max-snippet:-1, max-image-preview:large, max-video-preview:-1\" \/>\n<link rel=\"canonical\" href=\"https:\/\/paliskunnat.fi\/reindeer-herders-association\/cooperatives\/cooperatives-info\/naljanka\/\" \/>\n<meta property=\"og:locale\" content=\"en_US\" \/>\n<meta property=\"og:type\" content=\"article\" \/>\n<meta property=\"og:title\" content=\"56 N\u00e4lj\u00e4nk\u00e4 - Reindeer Herders&#039; Association\" \/>\n<meta property=\"og:description\" content=\"N\u00e4lj\u00e4nk\u00e4 Chief of District: Heikkinen Jari Mobile:\u00a0 +358 40 020 2003 Email: j&#097;&#x72;&#x69;h&#050;&#048;&#x30;&#x40;g&#109;&#x61;&#x69;l&#046;&#099;&#x6f;&#x6d; Hometown: Suomussalmi Total area: 2 880.8 km2 Maximum number of reindeer: 2 000 Reindeer herders: 53 N\u00e4lj\u00e4nk\u00e4 reindeer herding cooperative is part of the Kainuu reindeer marking district. The cooperative is located to the Suomussalmi and Puolanka municipalities. In east it borders [&hellip;]\" \/>\n<meta property=\"og:url\" content=\"https:\/\/paliskunnat.fi\/reindeer-herders-association\/cooperatives\/cooperatives-info\/naljanka\/\" \/>\n<meta property=\"og:site_name\" content=\"Reindeer Herders&#039; Association\" \/>\n<meta property=\"article:modified_time\" content=\"2023-06-06T12:07:17+00:00\" \/>\n<meta property=\"og:image\" content=\"https:\/\/paliskunnat.fi\/reindeer-herders-association\/wp-content\/uploads\/2014\/11\/56_naljanka.png\" \/>\n<meta name=\"twitter:card\" content=\"summary_large_image\" \/>\n<meta name=\"twitter:label1\" content=\"Est. reading time\" \/>\n\t<meta name=\"twitter:data1\" content=\"2 minutes\" \/>\n<script type=\"application\/ld+json\" class=\"yoast-schema-graph\">{\"@context\":\"https:\/\/schema.org\",\"@graph\":[{\"@type\":\"WebPage\",\"@id\":\"https:\/\/paliskunnat.fi\/reindeer-herders-association\/cooperatives\/cooperatives-info\/naljanka\/\",\"url\":\"https:\/\/paliskunnat.fi\/reindeer-herders-association\/cooperatives\/cooperatives-info\/naljanka\/\",\"name\":\"56 N\u00e4lj\u00e4nk\u00e4 - Reindeer Herders&#039; Association\",\"isPartOf\":{\"@id\":\"https:\/\/paliskunnat.fi\/reindeer-herders-association\/#website\"},\"primaryImageOfPage\":{\"@id\":\"https:\/\/paliskunnat.fi\/reindeer-herders-association\/cooperatives\/cooperatives-info\/naljanka\/#primaryimage\"},\"image\":{\"@id\":\"https:\/\/paliskunnat.fi\/reindeer-herders-association\/cooperatives\/cooperatives-info\/naljanka\/#primaryimage\"},\"thumbnailUrl\":\"https:\/\/paliskunnat.fi\/reindeer-herders-association\/wp-content\/uploads\/2014\/11\/56_naljanka.png\",\"datePublished\":\"2014-11-23T16:57:23+00:00\",\"dateModified\":\"2023-06-06T12:07:17+00:00\",\"breadcrumb\":{\"@id\":\"https:\/\/paliskunnat.fi\/reindeer-herders-association\/cooperatives\/cooperatives-info\/naljanka\/#breadcrumb\"},\"inLanguage\":\"en-US\",\"potentialAction\":[{\"@type\":\"ReadAction\",\"target\":[\"https:\/\/paliskunnat.fi\/reindeer-herders-association\/cooperatives\/cooperatives-info\/naljanka\/\"]}]},{\"@type\":\"ImageObject\",\"inLanguage\":\"en-US\",\"@id\":\"https:\/\/paliskunnat.fi\/reindeer-herders-association\/cooperatives\/cooperatives-info\/naljanka\/#primaryimage\",\"url\":\"https:\/\/paliskunnat.fi\/reindeer-herders-association\/wp-content\/uploads\/2014\/11\/56_naljanka.png\",\"contentUrl\":\"https:\/\/paliskunnat.fi\/reindeer-herders-association\/wp-content\/uploads\/2014\/11\/56_naljanka.png\"},{\"@type\":\"BreadcrumbList\",\"@id\":\"https:\/\/paliskunnat.fi\/reindeer-herders-association\/cooperatives\/cooperatives-info\/naljanka\/#breadcrumb\",\"itemListElement\":[{\"@type\":\"ListItem\",\"position\":1,\"name\":\"Home\",\"item\":\"https:\/\/paliskunnat.fi\/reindeer-herders-association\/\"},{\"@type\":\"ListItem\",\"position\":2,\"name\":\"Cooperatives\",\"item\":\"https:\/\/paliskunnat.fi\/reindeer-herders-association\/cooperatives\/\"},{\"@type\":\"ListItem\",\"position\":3,\"name\":\"Information of cooperatives\",\"item\":\"https:\/\/paliskunnat.fi\/reindeer-herders-association\/cooperatives\/cooperatives-info\/\"},{\"@type\":\"ListItem\",\"position\":4,\"name\":\"56 N\u00e4lj\u00e4nk\u00e4\"}]},{\"@type\":\"WebSite\",\"@id\":\"https:\/\/paliskunnat.fi\/reindeer-herders-association\/#website\",\"url\":\"https:\/\/paliskunnat.fi\/reindeer-herders-association\/\",\"name\":\"Reindeer Herders&#039; Association\",\"description\":\"Finnish Reindeer Herders&#039; Association\",\"potentialAction\":[{\"@type\":\"SearchAction\",\"target\":{\"@type\":\"EntryPoint\",\"urlTemplate\":\"https:\/\/paliskunnat.fi\/reindeer-herders-association\/?s={search_term_string}\"},\"query-input\":{\"@type\":\"PropertyValueSpecification\",\"valueRequired\":true,\"valueName\":\"search_term_string\"}}],\"inLanguage\":\"en-US\"}]}<\/script>\n<!-- \/ Yoast SEO plugin. -->","yoast_head_json":{"title":"56 N\u00e4lj\u00e4nk\u00e4 - Reindeer Herders&#039; Association","robots":{"index":"index","follow":"follow","max-snippet":"max-snippet:-1","max-image-preview":"max-image-preview:large","max-video-preview":"max-video-preview:-1"},"canonical":"https:\/\/paliskunnat.fi\/reindeer-herders-association\/cooperatives\/cooperatives-info\/naljanka\/","og_locale":"en_US","og_type":"article","og_title":"56 N\u00e4lj\u00e4nk\u00e4 - Reindeer Herders&#039; Association","og_description":"N\u00e4lj\u00e4nk\u00e4 Chief of District: Heikkinen Jari Mobile:\u00a0 +358 40 020 2003 Email: j&#97;&#x72;&#x69;h&#50;&#48;&#x30;&#x40;g&#109;&#x61;&#x69;l&#46;&#99;&#x6f;&#x6d; Hometown: Suomussalmi Total area: 2 880.8 km2 Maximum number of reindeer: 2 000 Reindeer herders: 53 N\u00e4lj\u00e4nk\u00e4 reindeer herding cooperative is part of the Kainuu reindeer marking district. The cooperative is located to the Suomussalmi and Puolanka municipalities. In east it borders [&hellip;]","og_url":"https:\/\/paliskunnat.fi\/reindeer-herders-association\/cooperatives\/cooperatives-info\/naljanka\/","og_site_name":"Reindeer Herders&#039; Association","article_modified_time":"2023-06-06T12:07:17+00:00","og_image":[{"url":"https:\/\/paliskunnat.fi\/reindeer-herders-association\/wp-content\/uploads\/2014\/11\/56_naljanka.png","type":"","width":"","height":""}],"twitter_card":"summary_large_image","twitter_misc":{"Est. reading time":"2 minutes"},"schema":{"@context":"https:\/\/schema.org","@graph":[{"@type":"WebPage","@id":"https:\/\/paliskunnat.fi\/reindeer-herders-association\/cooperatives\/cooperatives-info\/naljanka\/","url":"https:\/\/paliskunnat.fi\/reindeer-herders-association\/cooperatives\/cooperatives-info\/naljanka\/","name":"56 N\u00e4lj\u00e4nk\u00e4 - Reindeer Herders&#039; Association","isPartOf":{"@id":"https:\/\/paliskunnat.fi\/reindeer-herders-association\/#website"},"primaryImageOfPage":{"@id":"https:\/\/paliskunnat.fi\/reindeer-herders-association\/cooperatives\/cooperatives-info\/naljanka\/#primaryimage"},"image":{"@id":"https:\/\/paliskunnat.fi\/reindeer-herders-association\/cooperatives\/cooperatives-info\/naljanka\/#primaryimage"},"thumbnailUrl":"https:\/\/paliskunnat.fi\/reindeer-herders-association\/wp-content\/uploads\/2014\/11\/56_naljanka.png","datePublished":"2014-11-23T16:57:23+00:00","dateModified":"2023-06-06T12:07:17+00:00","breadcrumb":{"@id":"https:\/\/paliskunnat.fi\/reindeer-herders-association\/cooperatives\/cooperatives-info\/naljanka\/#breadcrumb"},"inLanguage":"en-US","potentialAction":[{"@type":"ReadAction","target":["https:\/\/paliskunnat.fi\/reindeer-herders-association\/cooperatives\/cooperatives-info\/naljanka\/"]}]},{"@type":"ImageObject","inLanguage":"en-US","@id":"https:\/\/paliskunnat.fi\/reindeer-herders-association\/cooperatives\/cooperatives-info\/naljanka\/#primaryimage","url":"https:\/\/paliskunnat.fi\/reindeer-herders-association\/wp-content\/uploads\/2014\/11\/56_naljanka.png","contentUrl":"https:\/\/paliskunnat.fi\/reindeer-herders-association\/wp-content\/uploads\/2014\/11\/56_naljanka.png"},{"@type":"BreadcrumbList","@id":"https:\/\/paliskunnat.fi\/reindeer-herders-association\/cooperatives\/cooperatives-info\/naljanka\/#breadcrumb","itemListElement":[{"@type":"ListItem","position":1,"name":"Home","item":"https:\/\/paliskunnat.fi\/reindeer-herders-association\/"},{"@type":"ListItem","position":2,"name":"Cooperatives","item":"https:\/\/paliskunnat.fi\/reindeer-herders-association\/cooperatives\/"},{"@type":"ListItem","position":3,"name":"Information of cooperatives","item":"https:\/\/paliskunnat.fi\/reindeer-herders-association\/cooperatives\/cooperatives-info\/"},{"@type":"ListItem","position":4,"name":"56 N\u00e4lj\u00e4nk\u00e4"}]},{"@type":"WebSite","@id":"https:\/\/paliskunnat.fi\/reindeer-herders-association\/#website","url":"https:\/\/paliskunnat.fi\/reindeer-herders-association\/","name":"Reindeer Herders&#039; Association","description":"Finnish Reindeer Herders&#039; Association","potentialAction":[{"@type":"SearchAction","target":{"@type":"EntryPoint","urlTemplate":"https:\/\/paliskunnat.fi\/reindeer-herders-association\/?s={search_term_string}"},"query-input":{"@type":"PropertyValueSpecification","valueRequired":true,"valueName":"search_term_string"}}],"inLanguage":"en-US"}]}},"_links":{"self":[{"href":"https:\/\/paliskunnat.fi\/reindeer-herders-association\/wp-json\/wp\/v2\/pages\/1590","targetHints":{"allow":["GET"]}}],"collection":[{"href":"https:\/\/paliskunnat.fi\/reindeer-herders-association\/wp-json\/wp\/v2\/pages"}],"about":[{"href":"https:\/\/paliskunnat.fi\/reindeer-herders-association\/wp-json\/wp\/v2\/types\/page"}],"author":[{"embeddable":true,"href":"https:\/\/paliskunnat.fi\/reindeer-herders-association\/wp-json\/wp\/v2\/users\/1"}],"replies":[{"embeddable":true,"href":"https:\/\/paliskunnat.fi\/reindeer-herders-association\/wp-json\/wp\/v2\/comments?post=1590"}],"version-history":[{"count":9,"href":"https:\/\/paliskunnat.fi\/reindeer-herders-association\/wp-json\/wp\/v2\/pages\/1590\/revisions"}],"predecessor-version":[{"id":6222,"href":"https:\/\/paliskunnat.fi\/reindeer-herders-association\/wp-json\/wp\/v2\/pages\/1590\/revisions\/6222"}],"up":[{"embeddable":true,"href":"https:\/\/paliskunnat.fi\/reindeer-herders-association\/wp-json\/wp\/v2\/pages\/420"}],"wp:attachment":[{"href":"https:\/\/paliskunnat.fi\/reindeer-herders-association\/wp-json\/wp\/v2\/media?parent=1590"}],"curies":[{"name":"wp","href":"https:\/\/api.w.org\/{rel}","templated":true}]}}