{"id":223,"date":"2014-08-27T15:00:11","date_gmt":"2014-08-27T12:00:11","guid":{"rendered":"http:\/\/80.69.171.23\/py\/?page_id=223"},"modified":"2024-01-04T15:18:11","modified_gmt":"2024-01-04T13:18:11","slug":"hallitus","status":"publish","type":"page","link":"https:\/\/paliskunnat.fi\/reindeer-herders-association\/organisation\/association\/hallitus\/","title":{"rendered":"Board"},"content":{"rendered":"<h2>The Board of the Reindeer Herders\u2019 Association<\/h2>\n<p>The Board of the Reindeer Herders\u2019 Association is elected in the General meeting for a three-year term. The General meeting chooses the members of the board; the chair, vice-chair and twelve other member representing different parts of the cooperative area. In addition, the Ministry of Agriculture and Forestry and the S\u00e1mi parliament also appoint one representative each to the Board.<\/p>\n<h3>The Board of the Reindeer Herders&#8217; Association 2024-2026<\/h3>\n<table style=\"height: 892px; width: 100%;background-color: #fff;\" width=\"540\">\n<tbody>\n<tr>\n<td style=\"width: 35.6877%;\" width=\"148\">Matti Riipi<\/td>\n<td style=\"height: 48px; width: 35.9926%;\">Chairman<\/td>\n<td style=\"width: 26.5799%;\" width=\"138\">+358 40 706 6832<\/td>\n<\/tr>\n<tr>\n<td style=\"width: 35.6877%;\" width=\"148\">\u00c4\u00e4rel\u00e4 Antti<\/td>\n<td style=\"height: 48px; width: 35.9926%;\">Vice-chairman<\/td>\n<td style=\"width: 26.5799%;\" width=\"226\">+358 40 031 8711<\/td>\n<\/tr>\n<tr style=\"height: 48px;\">\n<td style=\"height: 48px; width: 35.6877%;\">Ker\u00e4nen Ensio<\/td>\n<td style=\"height: 48px; width: 35.9926%;\">Member<\/td>\n<td style=\"height: 48px; width: 26.5799%;\">+358 40 028 4002<\/td>\n<\/tr>\n<tr>\n<td style=\"width: 35.6877%;\" width=\"148\">Hannula Jari<\/td>\n<td style=\"height: 48px; width: 35.9926%;\">Member<\/td>\n<td style=\"width: 26.5799%;\" width=\"138\">+358 40 742 0291<\/td>\n<\/tr>\n<tr>\n<td style=\"width: 35.6877%;\" width=\"148\">Hirvonen Seppo<\/td>\n<td style=\"height: 53.6919px; width: 35.9926%;\">Member<\/td>\n<td style=\"width: 26.5799%;\" width=\"138\">+358 40 585 3663<\/td>\n<\/tr>\n<tr>\n<td style=\"width: 35.6877%;\" width=\"148\">Holster Matti<\/td>\n<td style=\"height: 49px; width: 35.9926%;\">Member<\/td>\n<td style=\"width: 26.5799%;\" width=\"138\">+358 40 732 8773<\/td>\n<\/tr>\n<tr>\n<td style=\"width: 35.6877%;\" width=\"148\">Koskela Antti I.<\/td>\n<td style=\"height: 49px; width: 35.9926%;\">Member<\/td>\n<td style=\"width: 26.5799%;\" width=\"138\">+358 40 846 8321<\/td>\n<\/tr>\n<tr>\n<td style=\"width: 35.6877%;\" width=\"148\">Kustula Niko<\/td>\n<td style=\"height: 49px; width: 35.9926%;\">Member<\/td>\n<td style=\"width: 26.5799%;\" width=\"138\">+358 40 844 6247<\/td>\n<\/tr>\n<tr>\n<td style=\"width: 35.6877%;\" width=\"148\">Kutuniva Ilkka<\/td>\n<td style=\"height: 49px; width: 35.9926%;\">Member<\/td>\n<td style=\"width: 26.5799%;\" width=\"138\">+358 40 963 9407<\/td>\n<\/tr>\n<tr>\n<td style=\"width: 35.6877%;\" width=\"148\">K\u00e4sm\u00e4 Mika<\/td>\n<td style=\"height: 49px; width: 35.9926%;\">Member<\/td>\n<td style=\"width: 26.5799%;\" width=\"138\">+358 40 017 3980<\/td>\n<\/tr>\n<tr>\n<td style=\"width: 35.6877%;\" width=\"148\">Mustonen Janne<\/td>\n<td style=\"height: 49px; width: 35.9926%;\">Member<\/td>\n<td style=\"width: 26.5799%;\" width=\"138\">+358 40 127 8990<\/td>\n<\/tr>\n<tr>\n<td style=\"width: 35.6877%;\" width=\"148\">Oinas Pasi<\/td>\n<td style=\"height: 49px; width: 35.9926%;\">Member<\/td>\n<td style=\"width: 26.5799%;\" width=\"138\">+358 40 963 5543<\/td>\n<\/tr>\n<tr>\n<td style=\"width: 35.6877%;\" width=\"148\">Pirttil\u00e4 Ensio<\/td>\n<td style=\"height: 49px; width: 35.9926%;\">Member<\/td>\n<td style=\"width: 26.5799%;\" width=\"138\">+358 40 128 505<\/td>\n<\/tr>\n<tr>\n<td style=\"width: 35.6877%;\" width=\"148\">V\u00e4is\u00e4nen Urho<\/td>\n<td style=\"height: 49px; width: 35.9926%;\">Member<\/td>\n<td style=\"width: 26.5799%;\" width=\"138\">+358 40 569 6592<\/td>\n<\/tr>\n<tr style=\"height: 72px;\">\n<td style=\"height: 72px; width: 35.6877%;\"><\/td>\n<td style=\"height: 72px; width: 35.9926%;\">Representative of the<br \/>\nFinnish S\u00e1mi Parliament<\/td>\n<td style=\"height: 72px; width: 26.5799%;\"><\/td>\n<\/tr>\n<tr style=\"height: 49px;\">\n<td style=\"height: 49px; width: 35.6877%;\">Katja Holmala<\/td>\n<td style=\"height: 49px; width: 35.9926%;\">State representative<\/td>\n<td style=\"height: 49px; width: 26.5799%;\">+358 29 532 7206<\/td>\n<\/tr>\n<\/tbody>\n<\/table>\n<p>&nbsp;<\/p>\n<h2><\/h2>\n<p>&nbsp;<\/p>\n","protected":false},"excerpt":{"rendered":"<p>The Board of the Reindeer Herders\u2019 Association The Board of the Reindeer Herders\u2019 Association is elected in the General meeting for a three-year term. The General meeting chooses the members of the board; the chair, vice-chair and twelve other member representing different parts of the cooperative area. In addition, the Ministry of Agriculture and Forestry [&hellip;]<\/p>\n","protected":false},"author":1,"featured_media":0,"parent":429,"menu_order":0,"comment_status":"open","ping_status":"closed","template":"poromieslehti.php","meta":{"footnotes":""},"class_list":["post-223","page","type-page","status-publish","hentry"],"yoast_head":"<!-- This site is optimized with the Yoast SEO plugin v27.1.1 - https:\/\/yoast.com\/product\/yoast-seo-wordpress\/ -->\n<title>Board - Reindeer Herders&#039; Association<\/title>\n<meta name=\"robots\" content=\"index, follow, max-snippet:-1, max-image-preview:large, max-video-preview:-1\" \/>\n<link rel=\"canonical\" href=\"https:\/\/paliskunnat.fi\/reindeer-herders-association\/organisation\/association\/hallitus\/\" \/>\n<meta property=\"og:locale\" content=\"en_US\" \/>\n<meta property=\"og:type\" content=\"article\" \/>\n<meta property=\"og:title\" content=\"Board - Reindeer Herders&#039; Association\" \/>\n<meta property=\"og:description\" content=\"The Board of the Reindeer Herders\u2019 Association The Board of the Reindeer Herders\u2019 Association is elected in the General meeting for a three-year term. The General meeting chooses the members of the board; the chair, vice-chair and twelve other member representing different parts of the cooperative area. In addition, the Ministry of Agriculture and Forestry [&hellip;]\" \/>\n<meta property=\"og:url\" content=\"https:\/\/paliskunnat.fi\/reindeer-herders-association\/organisation\/association\/hallitus\/\" \/>\n<meta property=\"og:site_name\" content=\"Reindeer Herders&#039; Association\" \/>\n<meta property=\"article:modified_time\" content=\"2024-01-04T13:18:11+00:00\" \/>\n<meta name=\"twitter:card\" content=\"summary_large_image\" \/>\n<meta name=\"twitter:label1\" content=\"Est. reading time\" \/>\n\t<meta name=\"twitter:data1\" content=\"1 minute\" \/>\n<script type=\"application\/ld+json\" class=\"yoast-schema-graph\">{\"@context\":\"https:\/\/schema.org\",\"@graph\":[{\"@type\":\"WebPage\",\"@id\":\"https:\/\/paliskunnat.fi\/reindeer-herders-association\/organisation\/association\/hallitus\/\",\"url\":\"https:\/\/paliskunnat.fi\/reindeer-herders-association\/organisation\/association\/hallitus\/\",\"name\":\"Board - Reindeer Herders&#039; Association\",\"isPartOf\":{\"@id\":\"https:\/\/paliskunnat.fi\/reindeer-herders-association\/#website\"},\"datePublished\":\"2014-08-27T12:00:11+00:00\",\"dateModified\":\"2024-01-04T13:18:11+00:00\",\"breadcrumb\":{\"@id\":\"https:\/\/paliskunnat.fi\/reindeer-herders-association\/organisation\/association\/hallitus\/#breadcrumb\"},\"inLanguage\":\"en-US\",\"potentialAction\":[{\"@type\":\"ReadAction\",\"target\":[\"https:\/\/paliskunnat.fi\/reindeer-herders-association\/organisation\/association\/hallitus\/\"]}]},{\"@type\":\"BreadcrumbList\",\"@id\":\"https:\/\/paliskunnat.fi\/reindeer-herders-association\/organisation\/association\/hallitus\/#breadcrumb\",\"itemListElement\":[{\"@type\":\"ListItem\",\"position\":1,\"name\":\"Home\",\"item\":\"https:\/\/paliskunnat.fi\/reindeer-herders-association\/\"},{\"@type\":\"ListItem\",\"position\":2,\"name\":\"Organisation\",\"item\":\"https:\/\/paliskunnat.fi\/reindeer-herders-association\/organisation\/\"},{\"@type\":\"ListItem\",\"position\":3,\"name\":\"Reindeer Herders&#8217; Association\",\"item\":\"https:\/\/paliskunnat.fi\/reindeer-herders-association\/organisation\/association\/\"},{\"@type\":\"ListItem\",\"position\":4,\"name\":\"Board\"}]},{\"@type\":\"WebSite\",\"@id\":\"https:\/\/paliskunnat.fi\/reindeer-herders-association\/#website\",\"url\":\"https:\/\/paliskunnat.fi\/reindeer-herders-association\/\",\"name\":\"Reindeer Herders&#039; Association\",\"description\":\"Finnish Reindeer Herders&#039; Association\",\"potentialAction\":[{\"@type\":\"SearchAction\",\"target\":{\"@type\":\"EntryPoint\",\"urlTemplate\":\"https:\/\/paliskunnat.fi\/reindeer-herders-association\/?s={search_term_string}\"},\"query-input\":{\"@type\":\"PropertyValueSpecification\",\"valueRequired\":true,\"valueName\":\"search_term_string\"}}],\"inLanguage\":\"en-US\"}]}<\/script>\n<!-- \/ Yoast SEO plugin. -->","yoast_head_json":{"title":"Board - Reindeer Herders&#039; Association","robots":{"index":"index","follow":"follow","max-snippet":"max-snippet:-1","max-image-preview":"max-image-preview:large","max-video-preview":"max-video-preview:-1"},"canonical":"https:\/\/paliskunnat.fi\/reindeer-herders-association\/organisation\/association\/hallitus\/","og_locale":"en_US","og_type":"article","og_title":"Board - Reindeer Herders&#039; Association","og_description":"The Board of the Reindeer Herders\u2019 Association The Board of the Reindeer Herders\u2019 Association is elected in the General meeting for a three-year term. The General meeting chooses the members of the board; the chair, vice-chair and twelve other member representing different parts of the cooperative area. In addition, the Ministry of Agriculture and Forestry [&hellip;]","og_url":"https:\/\/paliskunnat.fi\/reindeer-herders-association\/organisation\/association\/hallitus\/","og_site_name":"Reindeer Herders&#039; Association","article_modified_time":"2024-01-04T13:18:11+00:00","twitter_card":"summary_large_image","twitter_misc":{"Est. reading time":"1 minute"},"schema":{"@context":"https:\/\/schema.org","@graph":[{"@type":"WebPage","@id":"https:\/\/paliskunnat.fi\/reindeer-herders-association\/organisation\/association\/hallitus\/","url":"https:\/\/paliskunnat.fi\/reindeer-herders-association\/organisation\/association\/hallitus\/","name":"Board - Reindeer Herders&#039; Association","isPartOf":{"@id":"https:\/\/paliskunnat.fi\/reindeer-herders-association\/#website"},"datePublished":"2014-08-27T12:00:11+00:00","dateModified":"2024-01-04T13:18:11+00:00","breadcrumb":{"@id":"https:\/\/paliskunnat.fi\/reindeer-herders-association\/organisation\/association\/hallitus\/#breadcrumb"},"inLanguage":"en-US","potentialAction":[{"@type":"ReadAction","target":["https:\/\/paliskunnat.fi\/reindeer-herders-association\/organisation\/association\/hallitus\/"]}]},{"@type":"BreadcrumbList","@id":"https:\/\/paliskunnat.fi\/reindeer-herders-association\/organisation\/association\/hallitus\/#breadcrumb","itemListElement":[{"@type":"ListItem","position":1,"name":"Home","item":"https:\/\/paliskunnat.fi\/reindeer-herders-association\/"},{"@type":"ListItem","position":2,"name":"Organisation","item":"https:\/\/paliskunnat.fi\/reindeer-herders-association\/organisation\/"},{"@type":"ListItem","position":3,"name":"Reindeer Herders&#8217; Association","item":"https:\/\/paliskunnat.fi\/reindeer-herders-association\/organisation\/association\/"},{"@type":"ListItem","position":4,"name":"Board"}]},{"@type":"WebSite","@id":"https:\/\/paliskunnat.fi\/reindeer-herders-association\/#website","url":"https:\/\/paliskunnat.fi\/reindeer-herders-association\/","name":"Reindeer Herders&#039; Association","description":"Finnish Reindeer Herders&#039; Association","potentialAction":[{"@type":"SearchAction","target":{"@type":"EntryPoint","urlTemplate":"https:\/\/paliskunnat.fi\/reindeer-herders-association\/?s={search_term_string}"},"query-input":{"@type":"PropertyValueSpecification","valueRequired":true,"valueName":"search_term_string"}}],"inLanguage":"en-US"}]}},"_links":{"self":[{"href":"https:\/\/paliskunnat.fi\/reindeer-herders-association\/wp-json\/wp\/v2\/pages\/223","targetHints":{"allow":["GET"]}}],"collection":[{"href":"https:\/\/paliskunnat.fi\/reindeer-herders-association\/wp-json\/wp\/v2\/pages"}],"about":[{"href":"https:\/\/paliskunnat.fi\/reindeer-herders-association\/wp-json\/wp\/v2\/types\/page"}],"author":[{"embeddable":true,"href":"https:\/\/paliskunnat.fi\/reindeer-herders-association\/wp-json\/wp\/v2\/users\/1"}],"replies":[{"embeddable":true,"href":"https:\/\/paliskunnat.fi\/reindeer-herders-association\/wp-json\/wp\/v2\/comments?post=223"}],"version-history":[{"count":20,"href":"https:\/\/paliskunnat.fi\/reindeer-herders-association\/wp-json\/wp\/v2\/pages\/223\/revisions"}],"predecessor-version":[{"id":6288,"href":"https:\/\/paliskunnat.fi\/reindeer-herders-association\/wp-json\/wp\/v2\/pages\/223\/revisions\/6288"}],"up":[{"embeddable":true,"href":"https:\/\/paliskunnat.fi\/reindeer-herders-association\/wp-json\/wp\/v2\/pages\/429"}],"wp:attachment":[{"href":"https:\/\/paliskunnat.fi\/reindeer-herders-association\/wp-json\/wp\/v2\/media?parent=223"}],"curies":[{"name":"wp","href":"https:\/\/api.w.org\/{rel}","templated":true}]}}