{"id":3393,"date":"2015-04-15T11:39:39","date_gmt":"2015-04-15T08:39:39","guid":{"rendered":"http:\/\/80.69.171.23\/py\/?page_id=3393"},"modified":"2019-10-05T09:00:54","modified_gmt":"2019-10-05T06:00:54","slug":"research-land-usage","status":"publish","type":"page","link":"https:\/\/paliskunnat.fi\/reindeer-herders-association\/reindeer-info\/reindeer-research\/research-land-usage\/","title":{"rendered":"Research on land usage"},"content":{"rendered":"<h2>Research on Land Usage<\/h2>\n<p>Anttonen, Marja, Kumpula, Jouko and Colpaert, Alfred (2011) <strong><em>Range Selection by Semi-Domesticated Reindeer (Rangifer tarandus tarandus) in Relation to Infrastructure and Human Activity in the Boreal Forest Environment, Northern Finland<\/em><\/strong>, Arctic vol. 64, No. 1 (March 2011) p. 1\u201314.<\/p>\n<p>Helldin, Jan Olof, Jung, Jens, Neumann, Wiebke, Olsson, Mattias, Skarin, Anna, Widemo, Fredrik (2013) <strong><em>The impacts of wind power on terrestrial mammals<\/em><\/strong>, Swedish Environmental Protection Agency, report 6510<\/p>\n<p>Jaakola, Lotta (2014) <strong><em>Can learning from the past help to predict the future in the environmental impact assessment on reindeer husbandry?i<\/em><\/strong><em>, <\/em>Jyv\u00e4skyl\u00e4 studies in biological and environmental science; 1456-9701 ;288<br \/>\n<a href=\"https:\/\/jyx.jyu.fi\/dspace\/bitstream\/handle\/123456789\/44252\/978-951-39-5822-0_vaitos19094014.pdf?sequence=1\">https:\/\/jyx.jyu.fi\/dspace\/bitstream\/handle\/123456789\/44252\/978-951-39-5822-0_vaitos19094014.pdf?sequence=1<\/a><\/p>\n<p>Kumpula, J., Colpaert, A. &amp; Anttonen, M (2007)<strong><em> Does forest harvesting and linear infrastructure change the usability value of pastureland for semi-domesticated reindeer (Rangifer tarandus tarandus)? <\/em><\/strong>Ann. Zool. Fennici 44:161\u2013178.<br \/>\n<a href=\"http:\/\/www.sekj.org\/PDF\/anz44-free\/anz44-161.pdf\">http:\/\/www.sekj.org\/PDF\/anz44-free\/anz44-161.pdf<\/a><\/p>\n<p>Kumpula, Jouko, Colpaert, Alfred ja Tanskanen, Ari (2008) <strong><em>Porojen laidunten valinta muuttuneessa mets\u00e4- ja maisemarakenteessa Keski-Lapissa,<\/em><\/strong> Suomen Riista 54: 69\u201382.<\/p>\n<p>Kumpula et al. (2009) <strong><em>Poronhoitoalueen pohjoisosan talvilaitumet vuosina 2005\u20132008. Laidunten tilan muutokset 1990-luvun puoliv\u00e4lin j\u00e4lkeen<\/em><\/strong>, RKTL tutkimuksia ja selvityksi\u00e4 3\/2009<\/p>\n<p>Kumpula, Jouko, Kurkilahti, Mika, Helle, Timo ja Colpaert, Alfred (2013) <strong><em>Both reindeer management and several other land use factors explain the reduction in ground lichens (Cladonia spp.) in pastures grazed by semi-domesticated reindeer in Finland<\/em><\/strong>, Regional Environmental Change 14(2):541\u2013559.<\/p>\n<p>L\u00f6f, Annette (2014), <strong><em>Challenging Adaptability : Analysing the Governance of Reindeer Husbandry in Sweden<\/em><\/strong>, Ume\u00e5 universitet<\/p>\n<p>Ophof, A. A.; Oldeboer, K. W.; Kumpula, J. (2013) <strong><em>Intake and chemical composition of winter and spring forage plants consumed by semi-domesticated reindeer (Rangifer tarandus tarandus) in Northern Finland<\/em><\/strong>, Animal Feed Science and Technology 185(3-4):190-195.<\/p>\n<p>doi-link: 10.1016\/j.anifeedsci.2013.08.005<\/p>\n<p>Rytk\u00f6nen, Anne-Mari, Saarikoski, Heli, Kumpula, Jouko, Hypp\u00f6nen, Mikko ja Hallikaninen, Ville (2013) <strong><em>Mets\u00e4talouden ja poronhoidon v\u00e4liset suhteet Yl\u00e4-Lapissa \u2013 synteesi tutkimustiedosta<\/em><\/strong>, RKTL tutkimuksia ja selvityksi\u00e4 6\/2013<\/p>\n<p>Skarin, Anna &amp; \u00c5hman, Birgitta (2014) <strong>Do human activity and infrastructure disturb domesticated reindeer? The need for the reindeer\u2019s perspective<\/strong>, Polar Biology 37, s. 1041\u20131054.<\/p>\n<p>Tahvonen, Olli, Kumpula, Jouko and Pekkarinen, Antti-Juhani (2014) <strong><em>Optimal harvesting of an age-structured, two-sex herbivore-plant system<\/em><\/strong>, Ecological Modelling 272:348-361. doi-link: 10.1016\/j.ecolmodel.2013.09.029<\/p>\n<p>&nbsp;<\/p>\n","protected":false},"excerpt":{"rendered":"<p>Research on Land Usage Anttonen, Marja, Kumpula, Jouko and Colpaert, Alfred (2011) Range Selection by Semi-Domesticated Reindeer (Rangifer tarandus tarandus) in Relation to Infrastructure and Human Activity in the Boreal Forest Environment, Northern Finland, Arctic vol. 64, No. 1 (March 2011) p. 1\u201314. Helldin, Jan Olof, Jung, Jens, Neumann, Wiebke, Olsson, Mattias, Skarin, Anna, Widemo, [&hellip;]<\/p>\n","protected":false},"author":1,"featured_media":0,"parent":2616,"menu_order":0,"comment_status":"open","ping_status":"closed","template":"","meta":{"footnotes":""},"class_list":["post-3393","page","type-page","status-publish","hentry"],"yoast_head":"<!-- This site is optimized with the Yoast SEO plugin v27.1.1 - https:\/\/yoast.com\/product\/yoast-seo-wordpress\/ -->\n<title>Research on land usage - Reindeer Herders&#039; Association<\/title>\n<meta name=\"robots\" content=\"index, follow, max-snippet:-1, max-image-preview:large, max-video-preview:-1\" \/>\n<link rel=\"canonical\" href=\"https:\/\/paliskunnat.fi\/reindeer-herders-association\/reindeer-info\/reindeer-research\/research-land-usage\/\" \/>\n<meta property=\"og:locale\" content=\"en_US\" \/>\n<meta property=\"og:type\" content=\"article\" \/>\n<meta property=\"og:title\" content=\"Research on land usage - Reindeer Herders&#039; Association\" \/>\n<meta property=\"og:description\" content=\"Research on Land Usage Anttonen, Marja, Kumpula, Jouko and Colpaert, Alfred (2011) Range Selection by Semi-Domesticated Reindeer (Rangifer tarandus tarandus) in Relation to Infrastructure and Human Activity in the Boreal Forest Environment, Northern Finland, Arctic vol. 64, No. 1 (March 2011) p. 1\u201314. Helldin, Jan Olof, Jung, Jens, Neumann, Wiebke, Olsson, Mattias, Skarin, Anna, Widemo, [&hellip;]\" \/>\n<meta property=\"og:url\" content=\"https:\/\/paliskunnat.fi\/reindeer-herders-association\/reindeer-info\/reindeer-research\/research-land-usage\/\" \/>\n<meta property=\"og:site_name\" content=\"Reindeer Herders&#039; Association\" \/>\n<meta property=\"article:modified_time\" content=\"2019-10-05T06:00:54+00:00\" \/>\n<meta name=\"twitter:card\" content=\"summary_large_image\" \/>\n<meta name=\"twitter:label1\" content=\"Est. reading time\" \/>\n\t<meta name=\"twitter:data1\" content=\"2 minutes\" \/>\n<script type=\"application\/ld+json\" class=\"yoast-schema-graph\">{\"@context\":\"https:\/\/schema.org\",\"@graph\":[{\"@type\":\"WebPage\",\"@id\":\"https:\/\/paliskunnat.fi\/reindeer-herders-association\/reindeer-info\/reindeer-research\/research-land-usage\/\",\"url\":\"https:\/\/paliskunnat.fi\/reindeer-herders-association\/reindeer-info\/reindeer-research\/research-land-usage\/\",\"name\":\"Research on land usage - Reindeer Herders&#039; Association\",\"isPartOf\":{\"@id\":\"https:\/\/paliskunnat.fi\/reindeer-herders-association\/#website\"},\"datePublished\":\"2015-04-15T08:39:39+00:00\",\"dateModified\":\"2019-10-05T06:00:54+00:00\",\"breadcrumb\":{\"@id\":\"https:\/\/paliskunnat.fi\/reindeer-herders-association\/reindeer-info\/reindeer-research\/research-land-usage\/#breadcrumb\"},\"inLanguage\":\"en-US\",\"potentialAction\":[{\"@type\":\"ReadAction\",\"target\":[\"https:\/\/paliskunnat.fi\/reindeer-herders-association\/reindeer-info\/reindeer-research\/research-land-usage\/\"]}]},{\"@type\":\"BreadcrumbList\",\"@id\":\"https:\/\/paliskunnat.fi\/reindeer-herders-association\/reindeer-info\/reindeer-research\/research-land-usage\/#breadcrumb\",\"itemListElement\":[{\"@type\":\"ListItem\",\"position\":1,\"name\":\"Home\",\"item\":\"https:\/\/paliskunnat.fi\/reindeer-herders-association\/\"},{\"@type\":\"ListItem\",\"position\":2,\"name\":\"Reindeer Info\",\"item\":\"https:\/\/paliskunnat.fi\/reindeer-herders-association\/reindeer-info\/\"},{\"@type\":\"ListItem\",\"position\":3,\"name\":\"Reindeer research\",\"item\":\"https:\/\/paliskunnat.fi\/reindeer-herders-association\/reindeer-info\/reindeer-research\/\"},{\"@type\":\"ListItem\",\"position\":4,\"name\":\"Research on land usage\"}]},{\"@type\":\"WebSite\",\"@id\":\"https:\/\/paliskunnat.fi\/reindeer-herders-association\/#website\",\"url\":\"https:\/\/paliskunnat.fi\/reindeer-herders-association\/\",\"name\":\"Reindeer Herders&#039; Association\",\"description\":\"Finnish Reindeer Herders&#039; Association\",\"potentialAction\":[{\"@type\":\"SearchAction\",\"target\":{\"@type\":\"EntryPoint\",\"urlTemplate\":\"https:\/\/paliskunnat.fi\/reindeer-herders-association\/?s={search_term_string}\"},\"query-input\":{\"@type\":\"PropertyValueSpecification\",\"valueRequired\":true,\"valueName\":\"search_term_string\"}}],\"inLanguage\":\"en-US\"}]}<\/script>\n<!-- \/ Yoast SEO plugin. -->","yoast_head_json":{"title":"Research on land usage - Reindeer Herders&#039; Association","robots":{"index":"index","follow":"follow","max-snippet":"max-snippet:-1","max-image-preview":"max-image-preview:large","max-video-preview":"max-video-preview:-1"},"canonical":"https:\/\/paliskunnat.fi\/reindeer-herders-association\/reindeer-info\/reindeer-research\/research-land-usage\/","og_locale":"en_US","og_type":"article","og_title":"Research on land usage - Reindeer Herders&#039; Association","og_description":"Research on Land Usage Anttonen, Marja, Kumpula, Jouko and Colpaert, Alfred (2011) Range Selection by Semi-Domesticated Reindeer (Rangifer tarandus tarandus) in Relation to Infrastructure and Human Activity in the Boreal Forest Environment, Northern Finland, Arctic vol. 64, No. 1 (March 2011) p. 1\u201314. Helldin, Jan Olof, Jung, Jens, Neumann, Wiebke, Olsson, Mattias, Skarin, Anna, Widemo, [&hellip;]","og_url":"https:\/\/paliskunnat.fi\/reindeer-herders-association\/reindeer-info\/reindeer-research\/research-land-usage\/","og_site_name":"Reindeer Herders&#039; Association","article_modified_time":"2019-10-05T06:00:54+00:00","twitter_card":"summary_large_image","twitter_misc":{"Est. reading time":"2 minutes"},"schema":{"@context":"https:\/\/schema.org","@graph":[{"@type":"WebPage","@id":"https:\/\/paliskunnat.fi\/reindeer-herders-association\/reindeer-info\/reindeer-research\/research-land-usage\/","url":"https:\/\/paliskunnat.fi\/reindeer-herders-association\/reindeer-info\/reindeer-research\/research-land-usage\/","name":"Research on land usage - Reindeer Herders&#039; Association","isPartOf":{"@id":"https:\/\/paliskunnat.fi\/reindeer-herders-association\/#website"},"datePublished":"2015-04-15T08:39:39+00:00","dateModified":"2019-10-05T06:00:54+00:00","breadcrumb":{"@id":"https:\/\/paliskunnat.fi\/reindeer-herders-association\/reindeer-info\/reindeer-research\/research-land-usage\/#breadcrumb"},"inLanguage":"en-US","potentialAction":[{"@type":"ReadAction","target":["https:\/\/paliskunnat.fi\/reindeer-herders-association\/reindeer-info\/reindeer-research\/research-land-usage\/"]}]},{"@type":"BreadcrumbList","@id":"https:\/\/paliskunnat.fi\/reindeer-herders-association\/reindeer-info\/reindeer-research\/research-land-usage\/#breadcrumb","itemListElement":[{"@type":"ListItem","position":1,"name":"Home","item":"https:\/\/paliskunnat.fi\/reindeer-herders-association\/"},{"@type":"ListItem","position":2,"name":"Reindeer Info","item":"https:\/\/paliskunnat.fi\/reindeer-herders-association\/reindeer-info\/"},{"@type":"ListItem","position":3,"name":"Reindeer research","item":"https:\/\/paliskunnat.fi\/reindeer-herders-association\/reindeer-info\/reindeer-research\/"},{"@type":"ListItem","position":4,"name":"Research on land usage"}]},{"@type":"WebSite","@id":"https:\/\/paliskunnat.fi\/reindeer-herders-association\/#website","url":"https:\/\/paliskunnat.fi\/reindeer-herders-association\/","name":"Reindeer Herders&#039; Association","description":"Finnish Reindeer Herders&#039; Association","potentialAction":[{"@type":"SearchAction","target":{"@type":"EntryPoint","urlTemplate":"https:\/\/paliskunnat.fi\/reindeer-herders-association\/?s={search_term_string}"},"query-input":{"@type":"PropertyValueSpecification","valueRequired":true,"valueName":"search_term_string"}}],"inLanguage":"en-US"}]}},"_links":{"self":[{"href":"https:\/\/paliskunnat.fi\/reindeer-herders-association\/wp-json\/wp\/v2\/pages\/3393","targetHints":{"allow":["GET"]}}],"collection":[{"href":"https:\/\/paliskunnat.fi\/reindeer-herders-association\/wp-json\/wp\/v2\/pages"}],"about":[{"href":"https:\/\/paliskunnat.fi\/reindeer-herders-association\/wp-json\/wp\/v2\/types\/page"}],"author":[{"embeddable":true,"href":"https:\/\/paliskunnat.fi\/reindeer-herders-association\/wp-json\/wp\/v2\/users\/1"}],"replies":[{"embeddable":true,"href":"https:\/\/paliskunnat.fi\/reindeer-herders-association\/wp-json\/wp\/v2\/comments?post=3393"}],"version-history":[{"count":8,"href":"https:\/\/paliskunnat.fi\/reindeer-herders-association\/wp-json\/wp\/v2\/pages\/3393\/revisions"}],"predecessor-version":[{"id":5685,"href":"https:\/\/paliskunnat.fi\/reindeer-herders-association\/wp-json\/wp\/v2\/pages\/3393\/revisions\/5685"}],"up":[{"embeddable":true,"href":"https:\/\/paliskunnat.fi\/reindeer-herders-association\/wp-json\/wp\/v2\/pages\/2616"}],"wp:attachment":[{"href":"https:\/\/paliskunnat.fi\/reindeer-herders-association\/wp-json\/wp\/v2\/media?parent=3393"}],"curies":[{"name":"wp","href":"https:\/\/api.w.org\/{rel}","templated":true}]}}