{"id":397,"date":"2014-10-20T10:48:24","date_gmt":"2014-10-20T07:48:24","guid":{"rendered":"http:\/\/80.69.171.23\/py\/?page_id=397"},"modified":"2017-10-19T20:03:40","modified_gmt":"2017-10-19T17:03:40","slug":"earmarks","status":"publish","type":"page","link":"https:\/\/paliskunnat.fi\/reindeer-herders-association\/advisory\/earmarks\/","title":{"rendered":"Earmarks"},"content":{"rendered":"<h2>Earmarks<\/h2>\n<p>Every reindeer is owned by someone and the ownership is marked to the ear of a reindeer. The earmark is officially registered to its owner. Reindeer Herders\u2019 Association is the authority in earmark issues and has the earmark registry. (RHA\u00a0 848\/1990).<\/p>\n<p>The deeds of the earmarks are described both in drawing and verbally. Every earmark is a one of a kind combination of different kind of deeds. Describing the earmark starts from the tip of the right ear and goes down to the bottom. There are around 12\u00a0000 earmarks in use.<\/p>\n<p><a href=\"https:\/\/paliskunnat.fi\/reindeer-herders-association\/wp-content\/uploads\/2015\/10\/earmarks.png\" rel=\"lightbox[397]\"><img loading=\"lazy\" decoding=\"async\" class=\"alignnone wp-image-4826\" src=\"https:\/\/paliskunnat.fi\/reindeer-herders-association\/wp-content\/uploads\/2015\/10\/earmarks.png\" alt=\"The Deeds of the Reindeer Earmarks\" width=\"460\" height=\"448\" srcset=\"https:\/\/paliskunnat.fi\/reindeer-herders-association\/wp-content\/uploads\/2015\/10\/earmarks.png 1000w, https:\/\/paliskunnat.fi\/reindeer-herders-association\/wp-content\/uploads\/2015\/10\/earmarks-308x300.png 308w\" sizes=\"auto, (max-width: 460px) 100vw, 460px\" \/><\/a><\/p>\n<p>The deeds of the reindeer earmark are: pistel, pyk\u00e4l\u00e4, hanka, poikki, haara, halki, p\u00e4\u00e4t\u00e4 vita, alta vita, terotus, ketunkanto, vastahanka, reik\u00e4 and rei\u00e4st\u00e4 halki, linnunvarvas, tiili, rappuhanka, hanka and hangan sis\u00e4\u00e4n and vatma. Combining deeds gives different earmarks. In addition, herders can use an ear tag as an extra mark. These are approved by the Association.<\/p>\n<p>&nbsp;<\/p>\n<p>More information on reindeer earmarks and registry executive <a href=\"https:\/\/paliskunnat.fi\/reindeer-herders-association\/organisation\/contacts\/personnel\/#Konstig\">secretary<\/a><\/p>\n<p>&nbsp;<\/p>\n<p>&nbsp;<\/p>\n","protected":false},"excerpt":{"rendered":"<p>[L\u00e4hde: Word 24.7.2014]<\/p>\n","protected":false},"author":1,"featured_media":0,"parent":4264,"menu_order":3,"comment_status":"open","ping_status":"closed","template":"","meta":{"footnotes":""},"class_list":["post-397","page","type-page","status-publish","hentry"],"yoast_head":"<!-- This site is optimized with the Yoast SEO plugin v27.1.1 - https:\/\/yoast.com\/product\/yoast-seo-wordpress\/ -->\n<title>Earmarks - Reindeer Herders&#039; Association<\/title>\n<meta name=\"robots\" content=\"index, follow, max-snippet:-1, max-image-preview:large, max-video-preview:-1\" \/>\n<link rel=\"canonical\" href=\"https:\/\/paliskunnat.fi\/reindeer-herders-association\/advisory\/earmarks\/\" \/>\n<meta property=\"og:locale\" content=\"en_US\" \/>\n<meta property=\"og:type\" content=\"article\" \/>\n<meta property=\"og:title\" content=\"Earmarks - Reindeer Herders&#039; Association\" \/>\n<meta property=\"og:description\" content=\"[L\u00e4hde: Word 24.7.2014]\" \/>\n<meta property=\"og:url\" content=\"https:\/\/paliskunnat.fi\/reindeer-herders-association\/advisory\/earmarks\/\" \/>\n<meta property=\"og:site_name\" content=\"Reindeer Herders&#039; Association\" \/>\n<meta property=\"article:modified_time\" content=\"2017-10-19T17:03:40+00:00\" \/>\n<meta property=\"og:image\" content=\"https:\/\/paliskunnat.fi\/reindeer-herders-association\/wp-content\/uploads\/2015\/10\/earmarks.png\" \/>\n<meta name=\"twitter:card\" content=\"summary_large_image\" \/>\n<meta name=\"twitter:label1\" content=\"Est. reading time\" \/>\n\t<meta name=\"twitter:data1\" content=\"1 minute\" \/>\n<script type=\"application\/ld+json\" class=\"yoast-schema-graph\">{\"@context\":\"https:\/\/schema.org\",\"@graph\":[{\"@type\":\"WebPage\",\"@id\":\"https:\/\/paliskunnat.fi\/reindeer-herders-association\/advisory\/earmarks\/\",\"url\":\"https:\/\/paliskunnat.fi\/reindeer-herders-association\/advisory\/earmarks\/\",\"name\":\"Earmarks - Reindeer Herders&#039; Association\",\"isPartOf\":{\"@id\":\"https:\/\/paliskunnat.fi\/reindeer-herders-association\/#website\"},\"primaryImageOfPage\":{\"@id\":\"https:\/\/paliskunnat.fi\/reindeer-herders-association\/advisory\/earmarks\/#primaryimage\"},\"image\":{\"@id\":\"https:\/\/paliskunnat.fi\/reindeer-herders-association\/advisory\/earmarks\/#primaryimage\"},\"thumbnailUrl\":\"https:\/\/paliskunnat.fi\/reindeer-herders-association\/wp-content\/uploads\/2015\/10\/earmarks.png\",\"datePublished\":\"2014-10-20T07:48:24+00:00\",\"dateModified\":\"2017-10-19T17:03:40+00:00\",\"breadcrumb\":{\"@id\":\"https:\/\/paliskunnat.fi\/reindeer-herders-association\/advisory\/earmarks\/#breadcrumb\"},\"inLanguage\":\"en-US\",\"potentialAction\":[{\"@type\":\"ReadAction\",\"target\":[\"https:\/\/paliskunnat.fi\/reindeer-herders-association\/advisory\/earmarks\/\"]}]},{\"@type\":\"ImageObject\",\"inLanguage\":\"en-US\",\"@id\":\"https:\/\/paliskunnat.fi\/reindeer-herders-association\/advisory\/earmarks\/#primaryimage\",\"url\":\"https:\/\/paliskunnat.fi\/reindeer-herders-association\/wp-content\/uploads\/2015\/10\/earmarks.png\",\"contentUrl\":\"https:\/\/paliskunnat.fi\/reindeer-herders-association\/wp-content\/uploads\/2015\/10\/earmarks.png\"},{\"@type\":\"BreadcrumbList\",\"@id\":\"https:\/\/paliskunnat.fi\/reindeer-herders-association\/advisory\/earmarks\/#breadcrumb\",\"itemListElement\":[{\"@type\":\"ListItem\",\"position\":1,\"name\":\"Home\",\"item\":\"https:\/\/paliskunnat.fi\/reindeer-herders-association\/\"},{\"@type\":\"ListItem\",\"position\":2,\"name\":\"Advisory\",\"item\":\"https:\/\/paliskunnat.fi\/reindeer-herders-association\/advisory\/\"},{\"@type\":\"ListItem\",\"position\":3,\"name\":\"Earmarks\"}]},{\"@type\":\"WebSite\",\"@id\":\"https:\/\/paliskunnat.fi\/reindeer-herders-association\/#website\",\"url\":\"https:\/\/paliskunnat.fi\/reindeer-herders-association\/\",\"name\":\"Reindeer Herders&#039; Association\",\"description\":\"Finnish Reindeer Herders&#039; Association\",\"potentialAction\":[{\"@type\":\"SearchAction\",\"target\":{\"@type\":\"EntryPoint\",\"urlTemplate\":\"https:\/\/paliskunnat.fi\/reindeer-herders-association\/?s={search_term_string}\"},\"query-input\":{\"@type\":\"PropertyValueSpecification\",\"valueRequired\":true,\"valueName\":\"search_term_string\"}}],\"inLanguage\":\"en-US\"}]}<\/script>\n<!-- \/ Yoast SEO plugin. -->","yoast_head_json":{"title":"Earmarks - Reindeer Herders&#039; Association","robots":{"index":"index","follow":"follow","max-snippet":"max-snippet:-1","max-image-preview":"max-image-preview:large","max-video-preview":"max-video-preview:-1"},"canonical":"https:\/\/paliskunnat.fi\/reindeer-herders-association\/advisory\/earmarks\/","og_locale":"en_US","og_type":"article","og_title":"Earmarks - Reindeer Herders&#039; Association","og_description":"[L\u00e4hde: Word 24.7.2014]","og_url":"https:\/\/paliskunnat.fi\/reindeer-herders-association\/advisory\/earmarks\/","og_site_name":"Reindeer Herders&#039; Association","article_modified_time":"2017-10-19T17:03:40+00:00","og_image":[{"url":"https:\/\/paliskunnat.fi\/reindeer-herders-association\/wp-content\/uploads\/2015\/10\/earmarks.png","type":"","width":"","height":""}],"twitter_card":"summary_large_image","twitter_misc":{"Est. reading time":"1 minute"},"schema":{"@context":"https:\/\/schema.org","@graph":[{"@type":"WebPage","@id":"https:\/\/paliskunnat.fi\/reindeer-herders-association\/advisory\/earmarks\/","url":"https:\/\/paliskunnat.fi\/reindeer-herders-association\/advisory\/earmarks\/","name":"Earmarks - Reindeer Herders&#039; Association","isPartOf":{"@id":"https:\/\/paliskunnat.fi\/reindeer-herders-association\/#website"},"primaryImageOfPage":{"@id":"https:\/\/paliskunnat.fi\/reindeer-herders-association\/advisory\/earmarks\/#primaryimage"},"image":{"@id":"https:\/\/paliskunnat.fi\/reindeer-herders-association\/advisory\/earmarks\/#primaryimage"},"thumbnailUrl":"https:\/\/paliskunnat.fi\/reindeer-herders-association\/wp-content\/uploads\/2015\/10\/earmarks.png","datePublished":"2014-10-20T07:48:24+00:00","dateModified":"2017-10-19T17:03:40+00:00","breadcrumb":{"@id":"https:\/\/paliskunnat.fi\/reindeer-herders-association\/advisory\/earmarks\/#breadcrumb"},"inLanguage":"en-US","potentialAction":[{"@type":"ReadAction","target":["https:\/\/paliskunnat.fi\/reindeer-herders-association\/advisory\/earmarks\/"]}]},{"@type":"ImageObject","inLanguage":"en-US","@id":"https:\/\/paliskunnat.fi\/reindeer-herders-association\/advisory\/earmarks\/#primaryimage","url":"https:\/\/paliskunnat.fi\/reindeer-herders-association\/wp-content\/uploads\/2015\/10\/earmarks.png","contentUrl":"https:\/\/paliskunnat.fi\/reindeer-herders-association\/wp-content\/uploads\/2015\/10\/earmarks.png"},{"@type":"BreadcrumbList","@id":"https:\/\/paliskunnat.fi\/reindeer-herders-association\/advisory\/earmarks\/#breadcrumb","itemListElement":[{"@type":"ListItem","position":1,"name":"Home","item":"https:\/\/paliskunnat.fi\/reindeer-herders-association\/"},{"@type":"ListItem","position":2,"name":"Advisory","item":"https:\/\/paliskunnat.fi\/reindeer-herders-association\/advisory\/"},{"@type":"ListItem","position":3,"name":"Earmarks"}]},{"@type":"WebSite","@id":"https:\/\/paliskunnat.fi\/reindeer-herders-association\/#website","url":"https:\/\/paliskunnat.fi\/reindeer-herders-association\/","name":"Reindeer Herders&#039; Association","description":"Finnish Reindeer Herders&#039; Association","potentialAction":[{"@type":"SearchAction","target":{"@type":"EntryPoint","urlTemplate":"https:\/\/paliskunnat.fi\/reindeer-herders-association\/?s={search_term_string}"},"query-input":{"@type":"PropertyValueSpecification","valueRequired":true,"valueName":"search_term_string"}}],"inLanguage":"en-US"}]}},"_links":{"self":[{"href":"https:\/\/paliskunnat.fi\/reindeer-herders-association\/wp-json\/wp\/v2\/pages\/397","targetHints":{"allow":["GET"]}}],"collection":[{"href":"https:\/\/paliskunnat.fi\/reindeer-herders-association\/wp-json\/wp\/v2\/pages"}],"about":[{"href":"https:\/\/paliskunnat.fi\/reindeer-herders-association\/wp-json\/wp\/v2\/types\/page"}],"author":[{"embeddable":true,"href":"https:\/\/paliskunnat.fi\/reindeer-herders-association\/wp-json\/wp\/v2\/users\/1"}],"replies":[{"embeddable":true,"href":"https:\/\/paliskunnat.fi\/reindeer-herders-association\/wp-json\/wp\/v2\/comments?post=397"}],"version-history":[{"count":7,"href":"https:\/\/paliskunnat.fi\/reindeer-herders-association\/wp-json\/wp\/v2\/pages\/397\/revisions"}],"predecessor-version":[{"id":5417,"href":"https:\/\/paliskunnat.fi\/reindeer-herders-association\/wp-json\/wp\/v2\/pages\/397\/revisions\/5417"}],"up":[{"embeddable":true,"href":"https:\/\/paliskunnat.fi\/reindeer-herders-association\/wp-json\/wp\/v2\/pages\/4264"}],"wp:attachment":[{"href":"https:\/\/paliskunnat.fi\/reindeer-herders-association\/wp-json\/wp\/v2\/media?parent=397"}],"curies":[{"name":"wp","href":"https:\/\/api.w.org\/{rel}","templated":true}]}}