{"id":582,"date":"2014-11-05T14:24:07","date_gmt":"2014-11-05T12:24:07","guid":{"rendered":"http:\/\/80.69.171.23\/py\/?page_id=582"},"modified":"2019-10-05T08:52:31","modified_gmt":"2019-10-05T05:52:31","slug":"wolverine","status":"publish","type":"page","link":"https:\/\/paliskunnat.fi\/reindeer-herders-association\/reindeer-damages\/predator-damages\/wolverine\/","title":{"rendered":"Wolverine"},"content":{"rendered":"<h2>Wolverine (Gulo gulo)<\/h2>\n<p>Wolverine kills reindeer throughout the year. The most efficient hunting period is in the spring, when there is still snow. If the conditions are favourable for the wolverine, it can kill several reindeer over a night. Typically it will bite reindeer to its neck to paralyse it. It then cuts its tongue and leaves it to languish. Wolverine collects meat reserves for itself and its cubs.<\/p>\n\n\t\t<style type=\"text\/css\">\n\t\t\t#gallery-1 {\n\t\t\t\tmargin: auto;\n\t\t\t}\n\t\t\t#gallery-1 .gallery-item {\n\t\t\t\tfloat: left;\n\t\t\t\tmargin-top: 10px;\n\t\t\t\ttext-align: center;\n\t\t\t\twidth: 33%;\n\t\t\t}\n\t\t\t#gallery-1 img {\n\t\t\t\tborder: 2px solid #cfcfcf;\n\t\t\t}\n\t\t\t#gallery-1 .gallery-caption {\n\t\t\t\tmargin-left: 0;\n\t\t\t}\n\t\t\t\/* see gallery_shortcode() in wp-includes\/media.php *\/\n\t\t<\/style>\n\t\t<div id='gallery-1' class='gallery galleryid-582 gallery-columns-3 gallery-size-thumbnail'><dl class='gallery-item'>\n\t\t\t<dt class='gallery-icon landscape'>\n\t\t\t\t<a href='https:\/\/paliskunnat.fi\/reindeer-herders-association\/wp-content\/uploads\/2014\/11\/ahma_eu_kuva_01.jpg' rel=\"lightbox[582]\"><img loading=\"lazy\" decoding=\"async\" width=\"150\" height=\"150\" src=\"https:\/\/paliskunnat.fi\/reindeer-herders-association\/wp-content\/uploads\/2014\/11\/ahma_eu_kuva_01-150x150.jpg\" class=\"attachment-thumbnail size-thumbnail\" alt=\"\" \/><\/a>\n\t\t\t<\/dt><\/dl>\n\t\t\t<br style='clear: both' \/>\n\t\t<\/div>\n\n<p>&nbsp;<\/p>\n<p>Wolverine moves around n very large areas. Most of the damages happen in the mountainous area of Lapland. The damages have grown particularly in the reindeer herding cooperatives that border with Norway and Russia.<\/p>\n<p>&nbsp;<\/p>\n<p>&nbsp;<\/p>\n<p><!--more--><\/p>\n<h2>Ahmakannan hoitosuunnitelma (in Finnish)<\/h2>\n<p>MMM 19.6.2014 &#8211; suomeksi (<a href=\"https:\/\/mmm.fi\/documents\/1410837\/1516659\/Ahmakannan_hoitosuunnitelma.pdf\/5138edc3-ed8d-4221-938e-6c41feab57d3\">PDF<\/a> 551 kt)<\/p>\n<p>Taustajulkaisu\u00a0(<a href=\"https:\/\/mmm.fi\/documents\/1410837\/1516659\/MMM-160463-v1-Suomen_ahmakannan_hoitosuunnitelma_-_taustajulkaisu-2.pdf\/137d9359-206d-4105-bd3a-dc2cfbc2c2be\">PDF<\/a>\u00a01 576 kt)<\/p>\n<h2>Wolverine keeps a live food stock<\/h2>\n<p>Wolverine attacks to paralyse a reindeer. Reindeer stays alive, but it cannot move. Hence, it becomes a source of fresh and unfrozen food for wolverine for several days. (<a href=\"http:\/\/vimeo.com\/54998054\">Vimeo video<\/a>).\u00a0Filmed by Aslak Paltto<\/p>\n<h2>Following wolverine<\/h2>\n<p>Following a wolverine with the Chief of District Tuomas I. Paloj\u00e4rvi in Paloj\u00e4rvi, Enonteki\u00f6 (<a href=\"https:\/\/www.youtube.com\/watch?v=QyOfrgpPtjw\">Youtube<\/a>). Lapin kansa \u2013 published 3\/2013.<\/p>\n<p>&nbsp;<\/p>\n<p>&nbsp;<\/p>\n","protected":false},"excerpt":{"rendered":"<p>Wolverine (Gulo gulo) Wolverine kills reindeer throughout the year. The most efficient hunting period is in the spring, when there is still snow. If the conditions are favourable for the wolverine, it can kill several reindeer over a night. Typically it will bite reindeer to its neck to paralyse it. It then cuts its tongue [&hellip;]<\/p>\n","protected":false},"author":1,"featured_media":0,"parent":578,"menu_order":1,"comment_status":"open","ping_status":"closed","template":"","meta":{"footnotes":""},"class_list":["post-582","page","type-page","status-publish","hentry"],"yoast_head":"<!-- This site is optimized with the Yoast SEO plugin v27.1.1 - https:\/\/yoast.com\/product\/yoast-seo-wordpress\/ -->\n<title>Wolverine - Reindeer Herders&#039; Association<\/title>\n<meta name=\"robots\" content=\"index, follow, max-snippet:-1, max-image-preview:large, max-video-preview:-1\" \/>\n<link rel=\"canonical\" href=\"https:\/\/paliskunnat.fi\/reindeer-herders-association\/reindeer-damages\/predator-damages\/wolverine\/\" \/>\n<meta property=\"og:locale\" content=\"en_US\" \/>\n<meta property=\"og:type\" content=\"article\" \/>\n<meta property=\"og:title\" content=\"Wolverine - Reindeer Herders&#039; Association\" \/>\n<meta property=\"og:description\" content=\"Wolverine (Gulo gulo) Wolverine kills reindeer throughout the year. The most efficient hunting period is in the spring, when there is still snow. If the conditions are favourable for the wolverine, it can kill several reindeer over a night. Typically it will bite reindeer to its neck to paralyse it. It then cuts its tongue [&hellip;]\" \/>\n<meta property=\"og:url\" content=\"https:\/\/paliskunnat.fi\/reindeer-herders-association\/reindeer-damages\/predator-damages\/wolverine\/\" \/>\n<meta property=\"og:site_name\" content=\"Reindeer Herders&#039; Association\" \/>\n<meta property=\"article:modified_time\" content=\"2019-10-05T05:52:31+00:00\" \/>\n<meta property=\"og:image\" content=\"https:\/\/paliskunnat.fi\/reindeer-herders-association\/wp-content\/uploads\/2014\/11\/ahma_eu_kuva_01-150x150.jpg\" \/>\n<meta name=\"twitter:card\" content=\"summary_large_image\" \/>\n<meta name=\"twitter:label1\" content=\"Est. reading time\" \/>\n\t<meta name=\"twitter:data1\" content=\"1 minute\" \/>\n<script type=\"application\/ld+json\" class=\"yoast-schema-graph\">{\"@context\":\"https:\/\/schema.org\",\"@graph\":[{\"@type\":\"WebPage\",\"@id\":\"https:\/\/paliskunnat.fi\/reindeer-herders-association\/reindeer-damages\/predator-damages\/wolverine\/\",\"url\":\"https:\/\/paliskunnat.fi\/reindeer-herders-association\/reindeer-damages\/predator-damages\/wolverine\/\",\"name\":\"Wolverine - Reindeer Herders&#039; Association\",\"isPartOf\":{\"@id\":\"https:\/\/paliskunnat.fi\/reindeer-herders-association\/#website\"},\"datePublished\":\"2014-11-05T12:24:07+00:00\",\"dateModified\":\"2019-10-05T05:52:31+00:00\",\"breadcrumb\":{\"@id\":\"https:\/\/paliskunnat.fi\/reindeer-herders-association\/reindeer-damages\/predator-damages\/wolverine\/#breadcrumb\"},\"inLanguage\":\"en-US\",\"potentialAction\":[{\"@type\":\"ReadAction\",\"target\":[\"https:\/\/paliskunnat.fi\/reindeer-herders-association\/reindeer-damages\/predator-damages\/wolverine\/\"]}]},{\"@type\":\"BreadcrumbList\",\"@id\":\"https:\/\/paliskunnat.fi\/reindeer-herders-association\/reindeer-damages\/predator-damages\/wolverine\/#breadcrumb\",\"itemListElement\":[{\"@type\":\"ListItem\",\"position\":1,\"name\":\"Home\",\"item\":\"https:\/\/paliskunnat.fi\/reindeer-herders-association\/\"},{\"@type\":\"ListItem\",\"position\":2,\"name\":\"Reindeer damages\",\"item\":\"https:\/\/paliskunnat.fi\/reindeer-herders-association\/reindeer-damages\/\"},{\"@type\":\"ListItem\",\"position\":3,\"name\":\"Carnivore damages\",\"item\":\"https:\/\/paliskunnat.fi\/reindeer-herders-association\/reindeer-damages\/predator-damages\/\"},{\"@type\":\"ListItem\",\"position\":4,\"name\":\"Wolverine\"}]},{\"@type\":\"WebSite\",\"@id\":\"https:\/\/paliskunnat.fi\/reindeer-herders-association\/#website\",\"url\":\"https:\/\/paliskunnat.fi\/reindeer-herders-association\/\",\"name\":\"Reindeer Herders&#039; Association\",\"description\":\"Finnish Reindeer Herders&#039; Association\",\"potentialAction\":[{\"@type\":\"SearchAction\",\"target\":{\"@type\":\"EntryPoint\",\"urlTemplate\":\"https:\/\/paliskunnat.fi\/reindeer-herders-association\/?s={search_term_string}\"},\"query-input\":{\"@type\":\"PropertyValueSpecification\",\"valueRequired\":true,\"valueName\":\"search_term_string\"}}],\"inLanguage\":\"en-US\"}]}<\/script>\n<!-- \/ Yoast SEO plugin. -->","yoast_head_json":{"title":"Wolverine - Reindeer Herders&#039; Association","robots":{"index":"index","follow":"follow","max-snippet":"max-snippet:-1","max-image-preview":"max-image-preview:large","max-video-preview":"max-video-preview:-1"},"canonical":"https:\/\/paliskunnat.fi\/reindeer-herders-association\/reindeer-damages\/predator-damages\/wolverine\/","og_locale":"en_US","og_type":"article","og_title":"Wolverine - Reindeer Herders&#039; Association","og_description":"Wolverine (Gulo gulo) Wolverine kills reindeer throughout the year. The most efficient hunting period is in the spring, when there is still snow. If the conditions are favourable for the wolverine, it can kill several reindeer over a night. Typically it will bite reindeer to its neck to paralyse it. It then cuts its tongue [&hellip;]","og_url":"https:\/\/paliskunnat.fi\/reindeer-herders-association\/reindeer-damages\/predator-damages\/wolverine\/","og_site_name":"Reindeer Herders&#039; Association","article_modified_time":"2019-10-05T05:52:31+00:00","og_image":[{"url":"https:\/\/paliskunnat.fi\/reindeer-herders-association\/wp-content\/uploads\/2014\/11\/ahma_eu_kuva_01-150x150.jpg","type":"","width":"","height":""}],"twitter_card":"summary_large_image","twitter_misc":{"Est. reading time":"1 minute"},"schema":{"@context":"https:\/\/schema.org","@graph":[{"@type":"WebPage","@id":"https:\/\/paliskunnat.fi\/reindeer-herders-association\/reindeer-damages\/predator-damages\/wolverine\/","url":"https:\/\/paliskunnat.fi\/reindeer-herders-association\/reindeer-damages\/predator-damages\/wolverine\/","name":"Wolverine - Reindeer Herders&#039; Association","isPartOf":{"@id":"https:\/\/paliskunnat.fi\/reindeer-herders-association\/#website"},"datePublished":"2014-11-05T12:24:07+00:00","dateModified":"2019-10-05T05:52:31+00:00","breadcrumb":{"@id":"https:\/\/paliskunnat.fi\/reindeer-herders-association\/reindeer-damages\/predator-damages\/wolverine\/#breadcrumb"},"inLanguage":"en-US","potentialAction":[{"@type":"ReadAction","target":["https:\/\/paliskunnat.fi\/reindeer-herders-association\/reindeer-damages\/predator-damages\/wolverine\/"]}]},{"@type":"BreadcrumbList","@id":"https:\/\/paliskunnat.fi\/reindeer-herders-association\/reindeer-damages\/predator-damages\/wolverine\/#breadcrumb","itemListElement":[{"@type":"ListItem","position":1,"name":"Home","item":"https:\/\/paliskunnat.fi\/reindeer-herders-association\/"},{"@type":"ListItem","position":2,"name":"Reindeer damages","item":"https:\/\/paliskunnat.fi\/reindeer-herders-association\/reindeer-damages\/"},{"@type":"ListItem","position":3,"name":"Carnivore damages","item":"https:\/\/paliskunnat.fi\/reindeer-herders-association\/reindeer-damages\/predator-damages\/"},{"@type":"ListItem","position":4,"name":"Wolverine"}]},{"@type":"WebSite","@id":"https:\/\/paliskunnat.fi\/reindeer-herders-association\/#website","url":"https:\/\/paliskunnat.fi\/reindeer-herders-association\/","name":"Reindeer Herders&#039; Association","description":"Finnish Reindeer Herders&#039; Association","potentialAction":[{"@type":"SearchAction","target":{"@type":"EntryPoint","urlTemplate":"https:\/\/paliskunnat.fi\/reindeer-herders-association\/?s={search_term_string}"},"query-input":{"@type":"PropertyValueSpecification","valueRequired":true,"valueName":"search_term_string"}}],"inLanguage":"en-US"}]}},"_links":{"self":[{"href":"https:\/\/paliskunnat.fi\/reindeer-herders-association\/wp-json\/wp\/v2\/pages\/582","targetHints":{"allow":["GET"]}}],"collection":[{"href":"https:\/\/paliskunnat.fi\/reindeer-herders-association\/wp-json\/wp\/v2\/pages"}],"about":[{"href":"https:\/\/paliskunnat.fi\/reindeer-herders-association\/wp-json\/wp\/v2\/types\/page"}],"author":[{"embeddable":true,"href":"https:\/\/paliskunnat.fi\/reindeer-herders-association\/wp-json\/wp\/v2\/users\/1"}],"replies":[{"embeddable":true,"href":"https:\/\/paliskunnat.fi\/reindeer-herders-association\/wp-json\/wp\/v2\/comments?post=582"}],"version-history":[{"count":22,"href":"https:\/\/paliskunnat.fi\/reindeer-herders-association\/wp-json\/wp\/v2\/pages\/582\/revisions"}],"predecessor-version":[{"id":5682,"href":"https:\/\/paliskunnat.fi\/reindeer-herders-association\/wp-json\/wp\/v2\/pages\/582\/revisions\/5682"}],"up":[{"embeddable":true,"href":"https:\/\/paliskunnat.fi\/reindeer-herders-association\/wp-json\/wp\/v2\/pages\/578"}],"wp:attachment":[{"href":"https:\/\/paliskunnat.fi\/reindeer-herders-association\/wp-json\/wp\/v2\/media?parent=582"}],"curies":[{"name":"wp","href":"https:\/\/api.w.org\/{rel}","templated":true}]}}