{"id":629,"date":"2014-11-05T19:12:11","date_gmt":"2014-11-05T17:12:11","guid":{"rendered":"http:\/\/80.69.171.23\/py\/?page_id=629"},"modified":"2015-10-06T11:08:25","modified_gmt":"2015-10-06T08:08:25","slug":"personnel","status":"publish","type":"page","link":"https:\/\/paliskunnat.fi\/reindeer-herders-association\/organisation\/contacts\/personnel\/","title":{"rendered":"Personnel"},"content":{"rendered":"<h2>Personnel of the Reindeer Herders\u00b4 Association<\/h2>\n<p>Email addresses: &#102;&#x69;&#x72;s&#116;&#x6e;&#x61;m&#101;&#x2e;l&#97;&#x73;&#x74;n&#97;&#x6d;e&#64;&#x70;&#x61;l&#105;&#x73;&#x6b;&#117;&#x6e;&#x6e;a&#116;&#x2e;&#x66;i<br \/>\nRequest for statements: &#107;&#x69;r&#106;&#x61;a&#x6d;&#x6f;&#64;&#x70;a&#108;&#x69;s&#107;&#x75;&#110;&#x6e;a&#116;&#x2e;f&#105;<br \/>\nOffice phone number: +358 16 331 6000<\/p>\n\n<table id=\"tablepress-5\" class=\"tablepress tablepress-id-5\">\n<tbody>\n<tr class=\"row-1\">\n\t<td class=\"column-1\"><a href=\"https:\/\/paliskunnat.fi\/reindeer-herders-association\/wp-content\/uploads\/2025\/08\/hanna-nurmi.jpg\" rel=\"lightbox[629]\"><img loading=\"lazy\" decoding=\"async\" src=\"https:\/\/paliskunnat.fi\/reindeer-herders-association\/wp-content\/uploads\/2025\/08\/hanna-nurmi.jpg\" alt=\"Nurmi Hanna\" width=\"150\" height=\"199\" class=\"alignnone size-full wp-image-646\" \/><\/a><\/td><td class=\"column-2\"><h3 id=\"Nurmi\">Hanna Nurmi<\/h3><br \/>\n<em>Director<\/em><br \/>\nEditor-in-chief of Poromies magazine<br \/>\n+358 16 331 6000<\/td>\n<\/tr>\n<tr class=\"row-2\">\n\t<td class=\"column-1\"><a href=\"https:\/\/paliskunnat.fi\/reindeer-herders-association\/wp-content\/uploads\/2014\/11\/Konstig_Tarja.jpg\" rel=\"lightbox[629]\"><img loading=\"lazy\" decoding=\"async\" src=\"https:\/\/paliskunnat.fi\/reindeer-herders-association\/wp-content\/uploads\/2014\/11\/Konstig_Tarja.jpg\" alt=\"Konstig Tarja\" width=\"150\" height=\"199\" class=\"alignnone size-full wp-image-644\" \/><\/a><\/td><td class=\"column-2\"><h3 id=\"Konstig\">Tarja Konstig<\/h3><br \/>\n<em>Executive secretary<\/em><br \/>\nSubeditor of Poromies magazine<br \/>\nReindeer earmark register<br \/>\n+358 400 633 159<\/td>\n<\/tr>\n<tr class=\"row-3\">\n\t<td class=\"column-1\"><a href=\"https:\/\/paliskunnat.fi\/reindeer-herders-association\/wp-content\/uploads\/2014\/12\/Sarkela_Matti.jpg\" rel=\"lightbox[629]\"><img loading=\"lazy\" decoding=\"async\" src=\"https:\/\/paliskunnat.fi\/reindeer-herders-association\/wp-content\/uploads\/2014\/12\/Sarkela_Matti.jpg\" alt=\"S\u00e4rkel\u00e4 Matti\" width=\"150\" height=\"200\" class=\"alignnone size-full wp-image-1938\" \/><\/a><\/td><td class=\"column-2\"><h3 id=\"Sarkela\">Matti S\u00e4rkel\u00e4<\/h3><br \/>\n<em>Office manager<\/em><br \/>\nProjects, development, reporting and connections to the stakeholders.<br \/>\nQuality manager<br \/>\n+358 40 581 1971<br \/>\n<\/td>\n<\/tr>\n<tr class=\"row-4\">\n\t<td class=\"column-1\"><a href=\"https:\/\/paliskunnat.fi\/reindeer-herders-association\/wp-content\/uploads\/2025\/11\/sara_lehtola_paliskuntain_yhdistys.jpg\" rel=\"lightbox[629]\"><img loading=\"lazy\" decoding=\"async\" src=\"https:\/\/paliskunnat.fi\/reindeer-herders-association\/wp-content\/uploads\/2025\/11\/sara_lehtola_paliskuntain_yhdistys.jpg\" alt=\"Lehtola Sara\" width=\"150\" height=\"199\" class=\"alignnone size-full wp-image-1966\" \/><\/a><\/td><td class=\"column-2\"><h3 id=\"Lehtola\">Lehtola Sara<\/h3><br \/>\n<em>Advisor<\/em><br \/>\n<br \/>\nDocument management and office of the Reindeer Herders' Association<br \/>\n+358 40 162 2260<\/td>\n<\/tr>\n<tr class=\"row-5\">\n\t<td class=\"column-1\"><a href=\"https:\/\/paliskunnat.fi\/reindeer-herders-association\/wp-content\/uploads\/2026\/04\/juhani-vanhatapio.png\" rel=\"lightbox[629]\"><img decoding=\"async\" src=\"https:\/\/paliskunnat.fi\/reindeer-herders-association\/wp-content\/uploads\/2026\/04\/juhani-vanhatapio.png\"  \/><\/a><\/td><td class=\"column-2\"><h3 id=\"Vanhatapio\">Juhani Vanhatapio<\/h3><br \/>\n<em>IT-specialist<\/em><br \/>\nInformation systems, networks and maintenance<br \/>\n+358 40 621 5575<\/td>\n<\/tr>\n<tr class=\"row-6\">\n\t<td class=\"column-1\"><\/td><td class=\"column-2\"><h3 id=\"advisors\">ADVISORS<\/h3><\/td>\n<\/tr>\n<tr class=\"row-7\">\n\t<td class=\"column-1\"><a href=\"https:\/\/paliskunnat.fi\/reindeer-herders-association\/wp-content\/uploads\/2024\/05\/pirkko-otra-aho.jpg\" rel=\"lightbox[629]\"><img loading=\"lazy\" decoding=\"async\" src=\"https:\/\/paliskunnat.fi\/reindeer-herders-association\/wp-content\/uploads\/2024\/05\/pirkko-otra-aho.jpg\" alt=\"Otra-Aho Pirkko\" width=\"150\" height=\"200\" class=\"alignnone size-full wp-image-1959\" \/><\/a><\/td><td class=\"column-2\"><h3 id=\"Otra-Aho\">Pirkko Otra-Aho<\/h3><br \/>\n<em>Advisor in accounting<\/em><br \/>\n<br \/>\n+358 40 676 1988<\/td>\n<\/tr>\n<tr class=\"row-8\">\n\t<td class=\"column-1\"><a href=\"https:\/\/paliskunnat.fi\/reindeer-herders-association\/wp-content\/uploads\/2014\/12\/Jankala_Anna-Leena.jpg\" rel=\"lightbox[629]\"><img loading=\"lazy\" decoding=\"async\" src=\"https:\/\/paliskunnat.fi\/reindeer-herders-association\/wp-content\/uploads\/2014\/12\/Jankala_Anna-Leena.jpg\" alt=\"J\u00e4nk\u00e4l\u00e4 Anna-Leena\" width=\"150\" height=\"200\" class=\"alignnone size-full wp-image-1946\" \/><\/a><\/td><td class=\"column-2\"><h3 id=\"Jankala\">Anna-Leena J\u00e4nk\u00e4l\u00e4<\/h3><br \/>\n<em>Advisor<\/em><br \/>\nGeneral advising, computing programs, calculations for investments and business plans<br \/>\n+358 400 388 560<\/td>\n<\/tr>\n<tr class=\"row-9\">\n\t<td class=\"column-1\"><a href=\"https:\/\/paliskunnat.fi\/reindeer-herders-association\/wp-content\/uploads\/2014\/12\/Angeli_Maaren.jpg\" rel=\"lightbox[629]\"><img loading=\"lazy\" decoding=\"async\" src=\"https:\/\/paliskunnat.fi\/reindeer-herders-association\/wp-content\/uploads\/2014\/12\/Angeli_Maaren.jpg\" alt=\"Angeli Maaren\" width=\"150\" height=\"199\" class=\"alignnone size-full wp-image-1942\" \/><\/a><\/td><td class=\"column-2\"><h3 id=\"Angeli\">Maaren Angeli<\/h3><br \/>\n<em>Advisor<\/em><br \/>\nOn leave from her post as Advisor<br \/>\n<\/td>\n<\/tr>\n<tr class=\"row-10\">\n\t<td class=\"column-1\"><a href=\"https:\/\/paliskunnat.fi\/reindeer-herders-association\/wp-content\/uploads\/2014\/12\/Anttonen_Marja.jpg\" rel=\"lightbox[629]\"><img loading=\"lazy\" decoding=\"async\" src=\"https:\/\/paliskunnat.fi\/reindeer-herders-association\/wp-content\/uploads\/2014\/12\/Anttonen_Marja.jpg\" alt=\"Anttonen Marja\" width=\"150\" height=\"199\" class=\"alignnone size-full wp-image-1943\" \/><\/a><\/td><td class=\"column-2\"><h3 id=\"Anttonen\">Marja Anttonen<\/h3><br \/>\n<em>Advisor<\/em><br \/>\nOn leave from her post as Advisor<\/td>\n<\/tr>\n<tr class=\"row-11\">\n\t<td class=\"column-1\"><a href=\"https:\/\/paliskunnat.fi\/reindeer-herders-association\/wp-content\/uploads\/2022\/03\/vilma-sanaksenaho-reindeer-herders-association.jpg\" rel=\"lightbox[629]\"><img loading=\"lazy\" decoding=\"async\" src=\"https:\/\/paliskunnat.fi\/reindeer-herders-association\/wp-content\/uploads\/2022\/03\/vilma-sanaksenaho-reindeer-herders-association.jpg\" alt=\"Sanaksenaho Vilma\" width=\"150\" height=\"200\" class=\"alignnone size-full wp-image-1998\" \/><\/a><\/td><td class=\"column-2\"><h3 id=\"Sanaksenaho\">Vilma Sanaksenaho<\/h3><br \/>\n<em>Advisor<\/em><br \/>\n+358 40 159 5592<\/td>\n<\/tr>\n<tr class=\"row-12\">\n\t<td class=\"column-1\"><a href=\"https:\/\/paliskunnat.fi\/reindeer-herders-association\/wp-content\/uploads\/2017\/08\/sanna_hast_2017.jpg\" rel=\"lightbox[629]\"><img loading=\"lazy\" decoding=\"async\" src=\"https:\/\/paliskunnat.fi\/reindeer-herders-association\/wp-content\/uploads\/2017\/08\/sanna_hast_2017.jpg\" alt=\"Hast Sanna\" width=\"150\" height=\"199\" class=\"alignnone size-full wp-image-1986\" \/><\/a><\/td><td class=\"column-2\"><h3 id=\"Hast\">Sanna Hast<\/h3><br \/>\n<em>Senior Adviser<\/em><br \/>\nLand use<br \/>\n+358 40 723 9966<\/td>\n<\/tr>\n<tr class=\"row-13\">\n\t<td class=\"column-1\"><\/td><td class=\"column-2\"><h3 id=\"fences\">NATIONAL REINDEER FENCES<\/h3><\/td>\n<\/tr>\n<tr class=\"row-14\">\n\t<td class=\"column-1\"><a href=\"https:\/\/paliskunnat.fi\/reindeer-herders-association\/wp-content\/uploads\/2014\/12\/Henttunen_Kari.jpg\" rel=\"lightbox[629]\"><img loading=\"lazy\" decoding=\"async\" src=\"https:\/\/paliskunnat.fi\/reindeer-herders-association\/wp-content\/uploads\/2014\/12\/Henttunen_Kari.jpg\" alt=\"Henttunen Kari\" width=\"150\" height=\"199\" class=\"alignnone size-full wp-image-1945\" \/><\/a><\/td><td class=\"column-2\"><h3 id=\"Henttunen\">Henttunen Kari<\/h3><br \/>\n<em>Manager of the fence work<\/em><br \/>\nPlanning and site management<br \/>\n+358 400 290 394<br \/>\n<\/td>\n<\/tr>\n<tr class=\"row-15\">\n\t<td class=\"column-1\"><a href=\"https:\/\/paliskunnat.fi\/reindeer-herders-association\/wp-content\/uploads\/2026\/01\/Holappa-Timo.jpg\" rel=\"lightbox[629]\"><img loading=\"lazy\" decoding=\"async\" src=\"https:\/\/paliskunnat.fi\/reindeer-herders-association\/wp-content\/uploads\/2026\/01\/Holappa-Timo.jpg\" alt=\"Holappa Timo\" width=\"150\" height=\"200\" class=\"alignnone size-full wp-image-1935\" \/><\/a><\/td><td class=\"column-2\"><h3 id=\"Holappa\">Holappa Timo<\/h3><br \/>\n<em>Manager of the fence work<\/em><br \/>\nPlanning and site management<br \/>\n+358 40 678 1416<br \/>\n<\/td>\n<\/tr>\n<tr class=\"row-16\">\n\t<td class=\"column-1\"><\/td><td class=\"column-2\"><h3 id=\"research_station\">KUTUHARJU FIELD RESEARCH STATION<\/h3><\/td>\n<\/tr>\n<tr class=\"row-17\">\n\t<td class=\"column-1\"><a href=\"https:\/\/paliskunnat.fi\/reindeer-herders-association\/wp-content\/uploads\/2014\/12\/Tervonen_Mika.jpg\" rel=\"lightbox[629]\"><img loading=\"lazy\" decoding=\"async\" src=\"https:\/\/paliskunnat.fi\/reindeer-herders-association\/wp-content\/uploads\/2014\/12\/Tervonen_Mika.jpg\" alt=\"Tervonen Mika\" width=\"150\" height=\"199\" class=\"alignnone size-full wp-image-1940\" \/><\/a><\/td><td class=\"column-2\"><h3 id=\"Tervonen\">Tervonen Mika<\/h3><br \/>\n<em>Maintenance of the station<\/em><br \/>\nPlanning and organization of the activities<br \/>\n+358 50 324 4772 (Office)<br \/>\n+358 44 355 3574 (Mika Tervonen)<br \/>\n<\/td>\n<\/tr>\n<tr class=\"row-18\">\n\t<td class=\"column-1\"><a href=\"https:\/\/paliskunnat.fi\/reindeer-herders-association\/wp-content\/uploads\/2025\/11\/eero-morottaja.jpg\" rel=\"lightbox[629]\"><img loading=\"lazy\" decoding=\"async\" src=\"https:\/\/paliskunnat.fi\/reindeer-herders-association\/wp-content\/uploads\/2025\/11\/eero-morottaja.jpg\" alt=\"Morottaja Eero\" width=\"150\" height=\"199\" class=\"alignnone size-full wp-image-1943\" \/><\/a><\/td><td class=\"column-2\"><h3 id=\"Morottaja\">Morottaja Eero<\/h3><br \/>\n<em><\/em><br \/>\n+358 50 324 4772 (Office)<br \/>\n<\/td>\n<\/tr>\n<\/tbody>\n<\/table>\n<!-- #tablepress-5 from cache -->\n<p>&nbsp;<\/p>\n","protected":false},"excerpt":{"rendered":"<p>Personnel of the Reindeer Herders\u00b4 Association Email addresses: &#102;&#x69;&#x72;&#115;&#x74;&#x6e;&#97;&#x6d;&#x65;&#46;&#x6c;&#x61;&#115;&#x74;&#x6e;&#97;&#x6d;&#x65;&#64;&#x70;&#x61;&#108;&#x69;&#x73;&#107;&#x75;&#x6e;n&#x61;&#x74;&#46;&#x66;&#x69; Request for statements: &#x6b;&#105;r&#x6a;&#97;&#97;&#x6d;&#x6f;&#64;p&#x61;&#108;i&#x73;&#x6b;&#117;n&#x6e;&#97;t&#x2e;&#x66;&#105; Office phone number: +358 16 331 6000 &nbsp;<\/p>\n","protected":false},"author":1,"featured_media":0,"parent":280,"menu_order":1,"comment_status":"open","ping_status":"closed","template":"","meta":{"footnotes":""},"class_list":["post-629","page","type-page","status-publish","hentry"],"yoast_head":"<!-- This site is optimized with the Yoast SEO plugin v27.1.1 - https:\/\/yoast.com\/product\/yoast-seo-wordpress\/ -->\n<title>Personnel - Reindeer Herders&#039; Association<\/title>\n<meta name=\"robots\" content=\"index, follow, max-snippet:-1, max-image-preview:large, max-video-preview:-1\" \/>\n<link rel=\"canonical\" href=\"https:\/\/paliskunnat.fi\/reindeer-herders-association\/organisation\/contacts\/personnel\/\" \/>\n<meta property=\"og:locale\" content=\"en_US\" \/>\n<meta property=\"og:type\" content=\"article\" \/>\n<meta property=\"og:title\" content=\"Personnel - Reindeer Herders&#039; Association\" \/>\n<meta property=\"og:description\" content=\"Personnel of the Reindeer Herders\u00b4 Association Email addresses: firstnam&#101;&#046;&#108;&#097;&#115;&#116;&#110;&#097;&#109;&#101;&#x40;&#x70;&#x61;&#x6c;&#x69;&#x73;&#x6b;&#x75;&#x6e;&#x6e;&#x61;&#x74;&#x2e;&#x66;&#x69; Request for statements: &#x6b;&#x69;&#x72;&#x6a;&#x61;&#x61;&#x6d;&#x6f;&#x40;&#x70;&#x61;&#108;&#105;&#115;&#107;&#117;&#110;&#110;at&#046;fi Office phone number: +358 16 331 6000 &nbsp;\" \/>\n<meta property=\"og:url\" content=\"https:\/\/paliskunnat.fi\/reindeer-herders-association\/organisation\/contacts\/personnel\/\" \/>\n<meta property=\"og:site_name\" content=\"Reindeer Herders&#039; Association\" \/>\n<meta property=\"article:modified_time\" content=\"2015-10-06T08:08:25+00:00\" \/>\n<meta name=\"twitter:card\" content=\"summary_large_image\" \/>\n<script type=\"application\/ld+json\" class=\"yoast-schema-graph\">{\"@context\":\"https:\/\/schema.org\",\"@graph\":[{\"@type\":\"WebPage\",\"@id\":\"https:\/\/paliskunnat.fi\/reindeer-herders-association\/organisation\/contacts\/personnel\/\",\"url\":\"https:\/\/paliskunnat.fi\/reindeer-herders-association\/organisation\/contacts\/personnel\/\",\"name\":\"Personnel - Reindeer Herders&#039; Association\",\"isPartOf\":{\"@id\":\"https:\/\/paliskunnat.fi\/reindeer-herders-association\/#website\"},\"datePublished\":\"2014-11-05T17:12:11+00:00\",\"dateModified\":\"2015-10-06T08:08:25+00:00\",\"breadcrumb\":{\"@id\":\"https:\/\/paliskunnat.fi\/reindeer-herders-association\/organisation\/contacts\/personnel\/#breadcrumb\"},\"inLanguage\":\"en-US\",\"potentialAction\":[{\"@type\":\"ReadAction\",\"target\":[\"https:\/\/paliskunnat.fi\/reindeer-herders-association\/organisation\/contacts\/personnel\/\"]}]},{\"@type\":\"BreadcrumbList\",\"@id\":\"https:\/\/paliskunnat.fi\/reindeer-herders-association\/organisation\/contacts\/personnel\/#breadcrumb\",\"itemListElement\":[{\"@type\":\"ListItem\",\"position\":1,\"name\":\"Home\",\"item\":\"https:\/\/paliskunnat.fi\/reindeer-herders-association\/\"},{\"@type\":\"ListItem\",\"position\":2,\"name\":\"Organisation\",\"item\":\"https:\/\/paliskunnat.fi\/reindeer-herders-association\/organisation\/\"},{\"@type\":\"ListItem\",\"position\":3,\"name\":\"Contacts\",\"item\":\"https:\/\/paliskunnat.fi\/reindeer-herders-association\/organisation\/contacts\/\"},{\"@type\":\"ListItem\",\"position\":4,\"name\":\"Personnel\"}]},{\"@type\":\"WebSite\",\"@id\":\"https:\/\/paliskunnat.fi\/reindeer-herders-association\/#website\",\"url\":\"https:\/\/paliskunnat.fi\/reindeer-herders-association\/\",\"name\":\"Reindeer Herders&#039; Association\",\"description\":\"Finnish Reindeer Herders&#039; Association\",\"potentialAction\":[{\"@type\":\"SearchAction\",\"target\":{\"@type\":\"EntryPoint\",\"urlTemplate\":\"https:\/\/paliskunnat.fi\/reindeer-herders-association\/?s={search_term_string}\"},\"query-input\":{\"@type\":\"PropertyValueSpecification\",\"valueRequired\":true,\"valueName\":\"search_term_string\"}}],\"inLanguage\":\"en-US\"}]}<\/script>\n<!-- \/ Yoast SEO plugin. -->","yoast_head_json":{"title":"Personnel - Reindeer Herders&#039; Association","robots":{"index":"index","follow":"follow","max-snippet":"max-snippet:-1","max-image-preview":"max-image-preview:large","max-video-preview":"max-video-preview:-1"},"canonical":"https:\/\/paliskunnat.fi\/reindeer-herders-association\/organisation\/contacts\/personnel\/","og_locale":"en_US","og_type":"article","og_title":"Personnel - Reindeer Herders&#039; Association","og_description":"Personnel of the Reindeer Herders\u00b4 Association Email addresses: firstnam&#101;&#46;&#108;&#97;&#115;&#116;&#110;&#97;&#109;&#101;&#x40;&#x70;&#x61;&#x6c;&#x69;&#x73;&#x6b;&#x75;&#x6e;&#x6e;&#x61;&#x74;&#x2e;&#x66;&#x69; Request for statements: &#x6b;&#x69;&#x72;&#x6a;&#x61;&#x61;&#x6d;&#x6f;&#x40;&#x70;&#x61;&#108;&#105;&#115;&#107;&#117;&#110;&#110;at&#46;fi Office phone number: +358 16 331 6000 &nbsp;","og_url":"https:\/\/paliskunnat.fi\/reindeer-herders-association\/organisation\/contacts\/personnel\/","og_site_name":"Reindeer Herders&#039; Association","article_modified_time":"2015-10-06T08:08:25+00:00","twitter_card":"summary_large_image","schema":{"@context":"https:\/\/schema.org","@graph":[{"@type":"WebPage","@id":"https:\/\/paliskunnat.fi\/reindeer-herders-association\/organisation\/contacts\/personnel\/","url":"https:\/\/paliskunnat.fi\/reindeer-herders-association\/organisation\/contacts\/personnel\/","name":"Personnel - Reindeer Herders&#039; Association","isPartOf":{"@id":"https:\/\/paliskunnat.fi\/reindeer-herders-association\/#website"},"datePublished":"2014-11-05T17:12:11+00:00","dateModified":"2015-10-06T08:08:25+00:00","breadcrumb":{"@id":"https:\/\/paliskunnat.fi\/reindeer-herders-association\/organisation\/contacts\/personnel\/#breadcrumb"},"inLanguage":"en-US","potentialAction":[{"@type":"ReadAction","target":["https:\/\/paliskunnat.fi\/reindeer-herders-association\/organisation\/contacts\/personnel\/"]}]},{"@type":"BreadcrumbList","@id":"https:\/\/paliskunnat.fi\/reindeer-herders-association\/organisation\/contacts\/personnel\/#breadcrumb","itemListElement":[{"@type":"ListItem","position":1,"name":"Home","item":"https:\/\/paliskunnat.fi\/reindeer-herders-association\/"},{"@type":"ListItem","position":2,"name":"Organisation","item":"https:\/\/paliskunnat.fi\/reindeer-herders-association\/organisation\/"},{"@type":"ListItem","position":3,"name":"Contacts","item":"https:\/\/paliskunnat.fi\/reindeer-herders-association\/organisation\/contacts\/"},{"@type":"ListItem","position":4,"name":"Personnel"}]},{"@type":"WebSite","@id":"https:\/\/paliskunnat.fi\/reindeer-herders-association\/#website","url":"https:\/\/paliskunnat.fi\/reindeer-herders-association\/","name":"Reindeer Herders&#039; Association","description":"Finnish Reindeer Herders&#039; Association","potentialAction":[{"@type":"SearchAction","target":{"@type":"EntryPoint","urlTemplate":"https:\/\/paliskunnat.fi\/reindeer-herders-association\/?s={search_term_string}"},"query-input":{"@type":"PropertyValueSpecification","valueRequired":true,"valueName":"search_term_string"}}],"inLanguage":"en-US"}]}},"_links":{"self":[{"href":"https:\/\/paliskunnat.fi\/reindeer-herders-association\/wp-json\/wp\/v2\/pages\/629","targetHints":{"allow":["GET"]}}],"collection":[{"href":"https:\/\/paliskunnat.fi\/reindeer-herders-association\/wp-json\/wp\/v2\/pages"}],"about":[{"href":"https:\/\/paliskunnat.fi\/reindeer-herders-association\/wp-json\/wp\/v2\/types\/page"}],"author":[{"embeddable":true,"href":"https:\/\/paliskunnat.fi\/reindeer-herders-association\/wp-json\/wp\/v2\/users\/1"}],"replies":[{"embeddable":true,"href":"https:\/\/paliskunnat.fi\/reindeer-herders-association\/wp-json\/wp\/v2\/comments?post=629"}],"version-history":[{"count":6,"href":"https:\/\/paliskunnat.fi\/reindeer-herders-association\/wp-json\/wp\/v2\/pages\/629\/revisions"}],"predecessor-version":[{"id":4764,"href":"https:\/\/paliskunnat.fi\/reindeer-herders-association\/wp-json\/wp\/v2\/pages\/629\/revisions\/4764"}],"up":[{"embeddable":true,"href":"https:\/\/paliskunnat.fi\/reindeer-herders-association\/wp-json\/wp\/v2\/pages\/280"}],"wp:attachment":[{"href":"https:\/\/paliskunnat.fi\/reindeer-herders-association\/wp-json\/wp\/v2\/media?parent=629"}],"curies":[{"name":"wp","href":"https:\/\/api.w.org\/{rel}","templated":true}]}}