{"id":309,"date":"2014-09-05T20:30:42","date_gmt":"2014-09-05T17:30:42","guid":{"rendered":"http:\/\/80.69.171.23\/poro\/?page_id=309"},"modified":"2020-12-23T10:48:17","modified_gmt":"2020-12-23T08:48:17","slug":"earmark","status":"publish","type":"page","link":"https:\/\/paliskunnat.fi\/reindeer\/reindeer-herding\/methods\/earmark\/","title":{"rendered":"Earmark"},"content":{"rendered":"<h2>Earmark<\/h2>\n<p>Every reindeer is owned by someone and the ownership is marked to the ear of a reindeer. Using an earmark is set in the Reindeer Husbandry Act (848\/1990): <em>Each reindeer must be marked with the owner\u2019s reindeer earmark which has been approved by the Association of Reindeer Herding Co-operatives on the recommendation of the board of the reindeer herding co-operative. Further provisions on reindeer earmarks are granted and given by decree (<\/em><a href=\"http:\/\/www.finlex.fi\/fi\/laki\/ajantasa\/1990\/19900883#P16\" class=\"external\" rel=\"nofollow\">883\/1990<\/a><em>).<\/em><\/p>\n<p>The earmark is cut to the sides and top of the ear. Describing the earmark starts from the tip of the right ear and goes down to the bottom.<\/p>\n<p><a href=\"https:\/\/paliskunnat.fi\/reindeer\/wp-content\/uploads\/2015\/10\/earmarks.png\"><img loading=\"lazy\" decoding=\"async\" class=\"alignnone wp-image-3587\" src=\"https:\/\/paliskunnat.fi\/reindeer\/wp-content\/uploads\/2015\/10\/earmarks.png\" alt=\"Deeds and cuts of reindeer earmarks. Image: Reindeer Herders' Association.\" width=\"460\" height=\"448\" srcset=\"https:\/\/paliskunnat.fi\/reindeer\/wp-content\/uploads\/2015\/10\/earmarks.png 1000w, https:\/\/paliskunnat.fi\/reindeer\/wp-content\/uploads\/2015\/10\/earmarks-300x292.png 300w\" sizes=\"auto, (max-width: 460px) 100vw, 460px\" \/><\/a><\/p>\n<p>There are around 12 000 earmarks in use. According to the Reindeer Husbandry Decree (<a href=\"http:\/\/www.finlex.fi\/fi\/laki\/ajantasa\/1990\/19900883#P16\" class=\"external\" rel=\"nofollow\"><strong>883\/1990<\/strong><\/a>\u00a0in Finnish), the deeds of the reindeer earmarks are: pistel, pyk\u00e4l\u00e4, hanka, poikki, haara, halki, p\u00e4\u00e4t\u00e4 vita, alta vita, terotus, ketunkanto, vastahanka, reik\u00e4, rei\u00e4st\u00e4 halki, linnunvarvas, tiili, rappuhanka, hanka, hangan sis\u00e4\u00e4n and vatma. Combining deeds gives different, unique earmarks. It has to clearly differ from others used to avoid confusion. In addition, herders can use an ear tag as an extra mark. These are approved by the Association.<\/p>\n<p>The Reindeer Herders\u2019 Association is the authority in earmark issues and has the earmark registry. The Reindeer herding cooperative has to also keep a list of the earmarks used by their herders. A reindeer herder can have one earmark. The cooperative and Reindeer Herders\u2019 Association can have two earmarks. The earmark of the Association is used in the reindeer of the Kutuharju Field Research\u00a0Station.<\/p>\n<p>&nbsp;<\/p>\n","protected":false},"excerpt":{"rendered":"<p>Earmark Every reindeer is owned by someone and the ownership is marked to the ear of a reindeer. Using an earmark is set in the Reindeer Husbandry Act (848\/1990): Each reindeer must be marked with the owner\u2019s reindeer earmark which has been approved by the Association of Reindeer Herding Co-operatives on the recommendation of the [&hellip;]<\/p>\n","protected":false},"author":1,"featured_media":0,"parent":2325,"menu_order":1,"comment_status":"open","ping_status":"closed","template":"","meta":{"footnotes":""},"class_list":["post-309","page","type-page","status-publish","hentry"],"yoast_head":"<!-- This site is optimized with the Yoast SEO plugin v27.1.1 - https:\/\/yoast.com\/product\/yoast-seo-wordpress\/ -->\n<title>Earmark - Reindeer Herders&#039; Association - Reindeer<\/title>\n<meta name=\"description\" content=\"earmark, reindeer\" \/>\n<meta name=\"robots\" content=\"index, follow, max-snippet:-1, max-image-preview:large, max-video-preview:-1\" \/>\n<link rel=\"canonical\" href=\"https:\/\/paliskunnat.fi\/reindeer\/reindeer-herding\/methods\/earmark\/\" \/>\n<meta property=\"og:locale\" content=\"en_US\" \/>\n<meta property=\"og:type\" content=\"article\" \/>\n<meta property=\"og:title\" content=\"Earmark - Reindeer Herders&#039; Association - Reindeer\" \/>\n<meta property=\"og:description\" content=\"earmark, reindeer\" \/>\n<meta property=\"og:url\" content=\"https:\/\/paliskunnat.fi\/reindeer\/reindeer-herding\/methods\/earmark\/\" \/>\n<meta property=\"og:site_name\" content=\"Reindeer Herders&#039; Association - Reindeer\" \/>\n<meta property=\"article:modified_time\" content=\"2020-12-23T08:48:17+00:00\" \/>\n<meta property=\"og:image\" content=\"https:\/\/paliskunnat.fi\/reindeer\/wp-content\/uploads\/2015\/10\/earmarks.png\" \/>\n<meta name=\"twitter:card\" content=\"summary_large_image\" \/>\n<meta name=\"twitter:label1\" content=\"Est. reading time\" \/>\n\t<meta name=\"twitter:data1\" content=\"1 minute\" \/>\n<script type=\"application\/ld+json\" class=\"yoast-schema-graph\">{\"@context\":\"https:\/\/schema.org\",\"@graph\":[{\"@type\":\"WebPage\",\"@id\":\"https:\/\/paliskunnat.fi\/reindeer\/reindeer-herding\/methods\/earmark\/\",\"url\":\"https:\/\/paliskunnat.fi\/reindeer\/reindeer-herding\/methods\/earmark\/\",\"name\":\"Earmark - Reindeer Herders&#039; Association - Reindeer\",\"isPartOf\":{\"@id\":\"https:\/\/paliskunnat.fi\/reindeer\/#website\"},\"primaryImageOfPage\":{\"@id\":\"https:\/\/paliskunnat.fi\/reindeer\/reindeer-herding\/methods\/earmark\/#primaryimage\"},\"image\":{\"@id\":\"https:\/\/paliskunnat.fi\/reindeer\/reindeer-herding\/methods\/earmark\/#primaryimage\"},\"thumbnailUrl\":\"https:\/\/paliskunnat.fi\/reindeer\/wp-content\/uploads\/2015\/10\/earmarks.png\",\"datePublished\":\"2014-09-05T17:30:42+00:00\",\"dateModified\":\"2020-12-23T08:48:17+00:00\",\"description\":\"earmark, reindeer\",\"breadcrumb\":{\"@id\":\"https:\/\/paliskunnat.fi\/reindeer\/reindeer-herding\/methods\/earmark\/#breadcrumb\"},\"inLanguage\":\"en-US\",\"potentialAction\":[{\"@type\":\"ReadAction\",\"target\":[\"https:\/\/paliskunnat.fi\/reindeer\/reindeer-herding\/methods\/earmark\/\"]}]},{\"@type\":\"ImageObject\",\"inLanguage\":\"en-US\",\"@id\":\"https:\/\/paliskunnat.fi\/reindeer\/reindeer-herding\/methods\/earmark\/#primaryimage\",\"url\":\"https:\/\/paliskunnat.fi\/reindeer\/wp-content\/uploads\/2015\/10\/earmarks.png\",\"contentUrl\":\"https:\/\/paliskunnat.fi\/reindeer\/wp-content\/uploads\/2015\/10\/earmarks.png\",\"width\":1000,\"height\":974},{\"@type\":\"BreadcrumbList\",\"@id\":\"https:\/\/paliskunnat.fi\/reindeer\/reindeer-herding\/methods\/earmark\/#breadcrumb\",\"itemListElement\":[{\"@type\":\"ListItem\",\"position\":1,\"name\":\"Home\",\"item\":\"https:\/\/paliskunnat.fi\/reindeer\/\"},{\"@type\":\"ListItem\",\"position\":2,\"name\":\"Reindeer herding\",\"item\":\"https:\/\/paliskunnat.fi\/reindeer\/reindeer-herding\/\"},{\"@type\":\"ListItem\",\"position\":3,\"name\":\"Methods\",\"item\":\"https:\/\/paliskunnat.fi\/reindeer\/reindeer-herding\/methods\/\"},{\"@type\":\"ListItem\",\"position\":4,\"name\":\"Earmark\"}]},{\"@type\":\"WebSite\",\"@id\":\"https:\/\/paliskunnat.fi\/reindeer\/#website\",\"url\":\"https:\/\/paliskunnat.fi\/reindeer\/\",\"name\":\"Reindeer Herders&#039; Association - Reindeer\",\"description\":\"Reindeer in Finland\",\"potentialAction\":[{\"@type\":\"SearchAction\",\"target\":{\"@type\":\"EntryPoint\",\"urlTemplate\":\"https:\/\/paliskunnat.fi\/reindeer\/?s={search_term_string}\"},\"query-input\":{\"@type\":\"PropertyValueSpecification\",\"valueRequired\":true,\"valueName\":\"search_term_string\"}}],\"inLanguage\":\"en-US\"}]}<\/script>\n<!-- \/ Yoast SEO plugin. -->","yoast_head_json":{"title":"Earmark - Reindeer Herders&#039; Association - Reindeer","description":"earmark, reindeer","robots":{"index":"index","follow":"follow","max-snippet":"max-snippet:-1","max-image-preview":"max-image-preview:large","max-video-preview":"max-video-preview:-1"},"canonical":"https:\/\/paliskunnat.fi\/reindeer\/reindeer-herding\/methods\/earmark\/","og_locale":"en_US","og_type":"article","og_title":"Earmark - Reindeer Herders&#039; Association - Reindeer","og_description":"earmark, reindeer","og_url":"https:\/\/paliskunnat.fi\/reindeer\/reindeer-herding\/methods\/earmark\/","og_site_name":"Reindeer Herders&#039; Association - Reindeer","article_modified_time":"2020-12-23T08:48:17+00:00","og_image":[{"url":"https:\/\/paliskunnat.fi\/reindeer\/wp-content\/uploads\/2015\/10\/earmarks.png","type":"","width":"","height":""}],"twitter_card":"summary_large_image","twitter_misc":{"Est. reading time":"1 minute"},"schema":{"@context":"https:\/\/schema.org","@graph":[{"@type":"WebPage","@id":"https:\/\/paliskunnat.fi\/reindeer\/reindeer-herding\/methods\/earmark\/","url":"https:\/\/paliskunnat.fi\/reindeer\/reindeer-herding\/methods\/earmark\/","name":"Earmark - Reindeer Herders&#039; Association - Reindeer","isPartOf":{"@id":"https:\/\/paliskunnat.fi\/reindeer\/#website"},"primaryImageOfPage":{"@id":"https:\/\/paliskunnat.fi\/reindeer\/reindeer-herding\/methods\/earmark\/#primaryimage"},"image":{"@id":"https:\/\/paliskunnat.fi\/reindeer\/reindeer-herding\/methods\/earmark\/#primaryimage"},"thumbnailUrl":"https:\/\/paliskunnat.fi\/reindeer\/wp-content\/uploads\/2015\/10\/earmarks.png","datePublished":"2014-09-05T17:30:42+00:00","dateModified":"2020-12-23T08:48:17+00:00","description":"earmark, reindeer","breadcrumb":{"@id":"https:\/\/paliskunnat.fi\/reindeer\/reindeer-herding\/methods\/earmark\/#breadcrumb"},"inLanguage":"en-US","potentialAction":[{"@type":"ReadAction","target":["https:\/\/paliskunnat.fi\/reindeer\/reindeer-herding\/methods\/earmark\/"]}]},{"@type":"ImageObject","inLanguage":"en-US","@id":"https:\/\/paliskunnat.fi\/reindeer\/reindeer-herding\/methods\/earmark\/#primaryimage","url":"https:\/\/paliskunnat.fi\/reindeer\/wp-content\/uploads\/2015\/10\/earmarks.png","contentUrl":"https:\/\/paliskunnat.fi\/reindeer\/wp-content\/uploads\/2015\/10\/earmarks.png","width":1000,"height":974},{"@type":"BreadcrumbList","@id":"https:\/\/paliskunnat.fi\/reindeer\/reindeer-herding\/methods\/earmark\/#breadcrumb","itemListElement":[{"@type":"ListItem","position":1,"name":"Home","item":"https:\/\/paliskunnat.fi\/reindeer\/"},{"@type":"ListItem","position":2,"name":"Reindeer herding","item":"https:\/\/paliskunnat.fi\/reindeer\/reindeer-herding\/"},{"@type":"ListItem","position":3,"name":"Methods","item":"https:\/\/paliskunnat.fi\/reindeer\/reindeer-herding\/methods\/"},{"@type":"ListItem","position":4,"name":"Earmark"}]},{"@type":"WebSite","@id":"https:\/\/paliskunnat.fi\/reindeer\/#website","url":"https:\/\/paliskunnat.fi\/reindeer\/","name":"Reindeer Herders&#039; Association - Reindeer","description":"Reindeer in Finland","potentialAction":[{"@type":"SearchAction","target":{"@type":"EntryPoint","urlTemplate":"https:\/\/paliskunnat.fi\/reindeer\/?s={search_term_string}"},"query-input":{"@type":"PropertyValueSpecification","valueRequired":true,"valueName":"search_term_string"}}],"inLanguage":"en-US"}]}},"_links":{"self":[{"href":"https:\/\/paliskunnat.fi\/reindeer\/wp-json\/wp\/v2\/pages\/309","targetHints":{"allow":["GET"]}}],"collection":[{"href":"https:\/\/paliskunnat.fi\/reindeer\/wp-json\/wp\/v2\/pages"}],"about":[{"href":"https:\/\/paliskunnat.fi\/reindeer\/wp-json\/wp\/v2\/types\/page"}],"author":[{"embeddable":true,"href":"https:\/\/paliskunnat.fi\/reindeer\/wp-json\/wp\/v2\/users\/1"}],"replies":[{"embeddable":true,"href":"https:\/\/paliskunnat.fi\/reindeer\/wp-json\/wp\/v2\/comments?post=309"}],"version-history":[{"count":9,"href":"https:\/\/paliskunnat.fi\/reindeer\/wp-json\/wp\/v2\/pages\/309\/revisions"}],"predecessor-version":[{"id":3989,"href":"https:\/\/paliskunnat.fi\/reindeer\/wp-json\/wp\/v2\/pages\/309\/revisions\/3989"}],"up":[{"embeddable":true,"href":"https:\/\/paliskunnat.fi\/reindeer\/wp-json\/wp\/v2\/pages\/2325"}],"wp:attachment":[{"href":"https:\/\/paliskunnat.fi\/reindeer\/wp-json\/wp\/v2\/media?parent=309"}],"curies":[{"name":"wp","href":"https:\/\/api.w.org\/{rel}","templated":true}]}}