{"id":352,"date":"2014-09-06T20:08:14","date_gmt":"2014-09-06T17:08:14","guid":{"rendered":"http:\/\/80.69.171.23\/poro\/?page_id=352"},"modified":"2020-12-23T10:53:48","modified_gmt":"2020-12-23T08:53:48","slug":"reindeer-fences","status":"publish","type":"page","link":"https:\/\/paliskunnat.fi\/reindeer\/reindeer-herding\/methods\/reindeer-fences\/","title":{"rendered":"Reindeer fences"},"content":{"rendered":"<h2>Reindeer Fences<\/h2>\n<p>Fences are the most visible part of the reindeer herding culture. There are border fences between states and reindeer herding cooperatives. They are designed to prevent reindeer from going to wrong areas. Inside the cooperative areas, there are round up and grazing fences.<\/p>\n<p>Reindeer herding fences can be permanent or transferable. The round up fences have different parts that are called siula, pid\u00e4tys, sy\u00f6tt\u00f6aita, kaarre, kirnu and konttori. Siula is a long fence that directs reindeer towards the big fence called sy\u00f6tt\u00f6aita. Through that reindeer continue to kaarre and from that to kirnu. In the kirnu (\u201cchurn\u201d) reindeer are registered, medicated and separated from the ones to be slaughtered and the ones let out alive. Slaughtered reindeer are moved to small fences called \u201ckonttori\u201d. Reindeer are slaughtered after the roundup.<\/p>\n<p><a href=\"https:\/\/paliskunnat.fi\/reindeer\/wp-content\/uploads\/2015\/10\/old_reindeer_fence_sallivaara.png\"><img loading=\"lazy\" decoding=\"async\" class=\"alignnone wp-image-3614\" src=\"https:\/\/paliskunnat.fi\/reindeer\/wp-content\/uploads\/2015\/10\/old_reindeer_fence_sallivaara.png\" alt=\"The old fence of Sallivaara cooperative. Image: Reindeer Herders' Association.\" width=\"460\" height=\"310\" srcset=\"https:\/\/paliskunnat.fi\/reindeer\/wp-content\/uploads\/2015\/10\/old_reindeer_fence_sallivaara.png 1000w, https:\/\/paliskunnat.fi\/reindeer\/wp-content\/uploads\/2015\/10\/old_reindeer_fence_sallivaara-300x202.png 300w\" sizes=\"auto, (max-width: 460px) 100vw, 460px\" \/><\/a><\/p>\n<p>The location of the old reindeer fence in Sallivaara (<a href=\"https:\/\/asiointi.maanmittauslaitos.fi\/karttapaikka\/?share=customMarker&amp;n=7597822.2659803815&amp;e=454430.8307312293&amp;title=Sallivaara%20poroaita&amp;desc=&amp;zoom=9&amp;layers=%5B%7B%22id%22%3A2%2C%22opacity%22%3A100%7D%5D\" class=\"external\" rel=\"nofollow\">Kansalaisen karttapaikka<\/a>, map location).<\/p>\n<p>There are differences in the names of fences and structures in different parts of the reindeer husbandry area. The word kaarre has been used in the 1930s in Enonteki\u00f6, Muonio, Kolari, Turtola, Kittil\u00e4, Inari, Sodankyl\u00e4, Savukoski and Kemij\u00e4rvi areas. In the southern reindeer husbandry area fences have been called poropelto i.e. reindeer fields. This is because open meadows or fields have been easy to use for gathering reindeer. Due to the natural fertilization, the fences have started to grow hay. Back in the days, reindeer fields have also been used as farmland (Kortesalmi 2008).<\/p>\n","protected":false},"excerpt":{"rendered":"<p>Reindeer Fences Fences are the most visible part of the reindeer herding culture. There are border fences between states and reindeer herding cooperatives. They are designed to prevent reindeer from going to wrong areas. Inside the cooperative areas, there are round up and grazing fences. Reindeer herding fences can be permanent or transferable. The round [&hellip;]<\/p>\n","protected":false},"author":1,"featured_media":0,"parent":2325,"menu_order":2,"comment_status":"open","ping_status":"closed","template":"","meta":{"footnotes":""},"class_list":["post-352","page","type-page","status-publish","hentry"],"yoast_head":"<!-- This site is optimized with the Yoast SEO plugin v27.1.1 - https:\/\/yoast.com\/product\/yoast-seo-wordpress\/ -->\n<title>Reindeer fences - Reindeer Herders&#039; Association - Reindeer<\/title>\n<meta name=\"robots\" content=\"index, follow, max-snippet:-1, max-image-preview:large, max-video-preview:-1\" \/>\n<link rel=\"canonical\" href=\"https:\/\/paliskunnat.fi\/reindeer\/reindeer-herding\/methods\/reindeer-fences\/\" \/>\n<meta property=\"og:locale\" content=\"en_US\" \/>\n<meta property=\"og:type\" content=\"article\" \/>\n<meta property=\"og:title\" content=\"Reindeer fences - Reindeer Herders&#039; Association - Reindeer\" \/>\n<meta property=\"og:description\" content=\"Reindeer Fences Fences are the most visible part of the reindeer herding culture. There are border fences between states and reindeer herding cooperatives. They are designed to prevent reindeer from going to wrong areas. Inside the cooperative areas, there are round up and grazing fences. Reindeer herding fences can be permanent or transferable. The round [&hellip;]\" \/>\n<meta property=\"og:url\" content=\"https:\/\/paliskunnat.fi\/reindeer\/reindeer-herding\/methods\/reindeer-fences\/\" \/>\n<meta property=\"og:site_name\" content=\"Reindeer Herders&#039; Association - Reindeer\" \/>\n<meta property=\"article:modified_time\" content=\"2020-12-23T08:53:48+00:00\" \/>\n<meta property=\"og:image\" content=\"https:\/\/paliskunnat.fi\/reindeer\/wp-content\/uploads\/2015\/10\/old_reindeer_fence_sallivaara.png\" \/>\n<meta name=\"twitter:card\" content=\"summary_large_image\" \/>\n<meta name=\"twitter:label1\" content=\"Est. reading time\" \/>\n\t<meta name=\"twitter:data1\" content=\"1 minute\" \/>\n<script type=\"application\/ld+json\" class=\"yoast-schema-graph\">{\"@context\":\"https:\/\/schema.org\",\"@graph\":[{\"@type\":\"WebPage\",\"@id\":\"https:\/\/paliskunnat.fi\/reindeer\/reindeer-herding\/methods\/reindeer-fences\/\",\"url\":\"https:\/\/paliskunnat.fi\/reindeer\/reindeer-herding\/methods\/reindeer-fences\/\",\"name\":\"Reindeer fences - Reindeer Herders&#039; Association - Reindeer\",\"isPartOf\":{\"@id\":\"https:\/\/paliskunnat.fi\/reindeer\/#website\"},\"primaryImageOfPage\":{\"@id\":\"https:\/\/paliskunnat.fi\/reindeer\/reindeer-herding\/methods\/reindeer-fences\/#primaryimage\"},\"image\":{\"@id\":\"https:\/\/paliskunnat.fi\/reindeer\/reindeer-herding\/methods\/reindeer-fences\/#primaryimage\"},\"thumbnailUrl\":\"https:\/\/paliskunnat.fi\/reindeer\/wp-content\/uploads\/2015\/10\/old_reindeer_fence_sallivaara.png\",\"datePublished\":\"2014-09-06T17:08:14+00:00\",\"dateModified\":\"2020-12-23T08:53:48+00:00\",\"breadcrumb\":{\"@id\":\"https:\/\/paliskunnat.fi\/reindeer\/reindeer-herding\/methods\/reindeer-fences\/#breadcrumb\"},\"inLanguage\":\"en-US\",\"potentialAction\":[{\"@type\":\"ReadAction\",\"target\":[\"https:\/\/paliskunnat.fi\/reindeer\/reindeer-herding\/methods\/reindeer-fences\/\"]}]},{\"@type\":\"ImageObject\",\"inLanguage\":\"en-US\",\"@id\":\"https:\/\/paliskunnat.fi\/reindeer\/reindeer-herding\/methods\/reindeer-fences\/#primaryimage\",\"url\":\"https:\/\/paliskunnat.fi\/reindeer\/wp-content\/uploads\/2015\/10\/old_reindeer_fence_sallivaara.png\",\"contentUrl\":\"https:\/\/paliskunnat.fi\/reindeer\/wp-content\/uploads\/2015\/10\/old_reindeer_fence_sallivaara.png\",\"width\":1000,\"height\":673},{\"@type\":\"BreadcrumbList\",\"@id\":\"https:\/\/paliskunnat.fi\/reindeer\/reindeer-herding\/methods\/reindeer-fences\/#breadcrumb\",\"itemListElement\":[{\"@type\":\"ListItem\",\"position\":1,\"name\":\"Home\",\"item\":\"https:\/\/paliskunnat.fi\/reindeer\/\"},{\"@type\":\"ListItem\",\"position\":2,\"name\":\"Reindeer herding\",\"item\":\"https:\/\/paliskunnat.fi\/reindeer\/reindeer-herding\/\"},{\"@type\":\"ListItem\",\"position\":3,\"name\":\"Methods\",\"item\":\"https:\/\/paliskunnat.fi\/reindeer\/reindeer-herding\/methods\/\"},{\"@type\":\"ListItem\",\"position\":4,\"name\":\"Reindeer fences\"}]},{\"@type\":\"WebSite\",\"@id\":\"https:\/\/paliskunnat.fi\/reindeer\/#website\",\"url\":\"https:\/\/paliskunnat.fi\/reindeer\/\",\"name\":\"Reindeer Herders&#039; Association - Reindeer\",\"description\":\"Reindeer in Finland\",\"potentialAction\":[{\"@type\":\"SearchAction\",\"target\":{\"@type\":\"EntryPoint\",\"urlTemplate\":\"https:\/\/paliskunnat.fi\/reindeer\/?s={search_term_string}\"},\"query-input\":{\"@type\":\"PropertyValueSpecification\",\"valueRequired\":true,\"valueName\":\"search_term_string\"}}],\"inLanguage\":\"en-US\"}]}<\/script>\n<!-- \/ Yoast SEO plugin. -->","yoast_head_json":{"title":"Reindeer fences - Reindeer Herders&#039; Association - Reindeer","robots":{"index":"index","follow":"follow","max-snippet":"max-snippet:-1","max-image-preview":"max-image-preview:large","max-video-preview":"max-video-preview:-1"},"canonical":"https:\/\/paliskunnat.fi\/reindeer\/reindeer-herding\/methods\/reindeer-fences\/","og_locale":"en_US","og_type":"article","og_title":"Reindeer fences - Reindeer Herders&#039; Association - Reindeer","og_description":"Reindeer Fences Fences are the most visible part of the reindeer herding culture. There are border fences between states and reindeer herding cooperatives. They are designed to prevent reindeer from going to wrong areas. Inside the cooperative areas, there are round up and grazing fences. Reindeer herding fences can be permanent or transferable. The round [&hellip;]","og_url":"https:\/\/paliskunnat.fi\/reindeer\/reindeer-herding\/methods\/reindeer-fences\/","og_site_name":"Reindeer Herders&#039; Association - Reindeer","article_modified_time":"2020-12-23T08:53:48+00:00","og_image":[{"url":"https:\/\/paliskunnat.fi\/reindeer\/wp-content\/uploads\/2015\/10\/old_reindeer_fence_sallivaara.png","type":"","width":"","height":""}],"twitter_card":"summary_large_image","twitter_misc":{"Est. reading time":"1 minute"},"schema":{"@context":"https:\/\/schema.org","@graph":[{"@type":"WebPage","@id":"https:\/\/paliskunnat.fi\/reindeer\/reindeer-herding\/methods\/reindeer-fences\/","url":"https:\/\/paliskunnat.fi\/reindeer\/reindeer-herding\/methods\/reindeer-fences\/","name":"Reindeer fences - Reindeer Herders&#039; Association - Reindeer","isPartOf":{"@id":"https:\/\/paliskunnat.fi\/reindeer\/#website"},"primaryImageOfPage":{"@id":"https:\/\/paliskunnat.fi\/reindeer\/reindeer-herding\/methods\/reindeer-fences\/#primaryimage"},"image":{"@id":"https:\/\/paliskunnat.fi\/reindeer\/reindeer-herding\/methods\/reindeer-fences\/#primaryimage"},"thumbnailUrl":"https:\/\/paliskunnat.fi\/reindeer\/wp-content\/uploads\/2015\/10\/old_reindeer_fence_sallivaara.png","datePublished":"2014-09-06T17:08:14+00:00","dateModified":"2020-12-23T08:53:48+00:00","breadcrumb":{"@id":"https:\/\/paliskunnat.fi\/reindeer\/reindeer-herding\/methods\/reindeer-fences\/#breadcrumb"},"inLanguage":"en-US","potentialAction":[{"@type":"ReadAction","target":["https:\/\/paliskunnat.fi\/reindeer\/reindeer-herding\/methods\/reindeer-fences\/"]}]},{"@type":"ImageObject","inLanguage":"en-US","@id":"https:\/\/paliskunnat.fi\/reindeer\/reindeer-herding\/methods\/reindeer-fences\/#primaryimage","url":"https:\/\/paliskunnat.fi\/reindeer\/wp-content\/uploads\/2015\/10\/old_reindeer_fence_sallivaara.png","contentUrl":"https:\/\/paliskunnat.fi\/reindeer\/wp-content\/uploads\/2015\/10\/old_reindeer_fence_sallivaara.png","width":1000,"height":673},{"@type":"BreadcrumbList","@id":"https:\/\/paliskunnat.fi\/reindeer\/reindeer-herding\/methods\/reindeer-fences\/#breadcrumb","itemListElement":[{"@type":"ListItem","position":1,"name":"Home","item":"https:\/\/paliskunnat.fi\/reindeer\/"},{"@type":"ListItem","position":2,"name":"Reindeer herding","item":"https:\/\/paliskunnat.fi\/reindeer\/reindeer-herding\/"},{"@type":"ListItem","position":3,"name":"Methods","item":"https:\/\/paliskunnat.fi\/reindeer\/reindeer-herding\/methods\/"},{"@type":"ListItem","position":4,"name":"Reindeer fences"}]},{"@type":"WebSite","@id":"https:\/\/paliskunnat.fi\/reindeer\/#website","url":"https:\/\/paliskunnat.fi\/reindeer\/","name":"Reindeer Herders&#039; Association - Reindeer","description":"Reindeer in Finland","potentialAction":[{"@type":"SearchAction","target":{"@type":"EntryPoint","urlTemplate":"https:\/\/paliskunnat.fi\/reindeer\/?s={search_term_string}"},"query-input":{"@type":"PropertyValueSpecification","valueRequired":true,"valueName":"search_term_string"}}],"inLanguage":"en-US"}]}},"_links":{"self":[{"href":"https:\/\/paliskunnat.fi\/reindeer\/wp-json\/wp\/v2\/pages\/352","targetHints":{"allow":["GET"]}}],"collection":[{"href":"https:\/\/paliskunnat.fi\/reindeer\/wp-json\/wp\/v2\/pages"}],"about":[{"href":"https:\/\/paliskunnat.fi\/reindeer\/wp-json\/wp\/v2\/types\/page"}],"author":[{"embeddable":true,"href":"https:\/\/paliskunnat.fi\/reindeer\/wp-json\/wp\/v2\/users\/1"}],"replies":[{"embeddable":true,"href":"https:\/\/paliskunnat.fi\/reindeer\/wp-json\/wp\/v2\/comments?post=352"}],"version-history":[{"count":12,"href":"https:\/\/paliskunnat.fi\/reindeer\/wp-json\/wp\/v2\/pages\/352\/revisions"}],"predecessor-version":[{"id":3991,"href":"https:\/\/paliskunnat.fi\/reindeer\/wp-json\/wp\/v2\/pages\/352\/revisions\/3991"}],"up":[{"embeddable":true,"href":"https:\/\/paliskunnat.fi\/reindeer\/wp-json\/wp\/v2\/pages\/2325"}],"wp:attachment":[{"href":"https:\/\/paliskunnat.fi\/reindeer\/wp-json\/wp\/v2\/media?parent=352"}],"curies":[{"name":"wp","href":"https:\/\/api.w.org\/{rel}","templated":true}]}}